{"id":72,"date":"2019-11-07T14:32:47","date_gmt":"2019-11-07T13:32:47","guid":{"rendered":"https:\/\/wczasy.flt.krasnik.pl\/?page_id=72"},"modified":"2019-11-14T23:23:42","modified_gmt":"2019-11-14T22:23:42","slug":"galeria-krasniczanki","status":"publish","type":"page","link":"https:\/\/wczasy.flt.krasnik.pl\/?page_id=72","title":{"rendered":"Galeria Kra\u015bniczanki"},"content":{"rendered":"\r\n<table style=\"border-color: #e3dcdc;\">\r\n<tbody>\r\n<tr>\r\n<td style=\"border-color: #e3dcdc; background-color: #e3dcdc;\">\u00a0 <div class=\"rl-gallery-container rl-loading rl-pagination-paged\" id=\"rl-gallery-container-1\" data-gallery_id=\"81\"> <div class=\"rl-gallery rl-basicgrid-gallery \" id=\"rl-gallery-1\" data-gallery_no=\"1\"> <div class=\"rl-gallery-item\"><a href=\"https:\/\/wczasy.flt.krasnik.pl\/wp-content\/uploads\/2019\/11\/Kra\u015bniczanka_003-1.jpg\" title=\"\" data-rl_title=\"\" class=\"rl-gallery-link\" data-rl_caption=\"\" data-rel=\"lightbox-gallery-1\"><img loading=\"lazy\" decoding=\"async\" src=\"https:\/\/wczasy.flt.krasnik.pl\/wp-content\/uploads\/2019\/11\/Kra\u015bniczanka_003-1-150x150.jpg\" width=\"150\" height=\"150\" alt=\"\" \/><\/a><\/div><div class=\"rl-gallery-item\"><a href=\"https:\/\/wczasy.flt.krasnik.pl\/wp-content\/uploads\/2019\/11\/Kra\u015bniczanka_004-1.jpg\" title=\"\" data-rl_title=\"\" class=\"rl-gallery-link\" data-rl_caption=\"\" data-rel=\"lightbox-gallery-1\"><img loading=\"lazy\" decoding=\"async\" src=\"https:\/\/wczasy.flt.krasnik.pl\/wp-content\/uploads\/2019\/11\/Kra\u015bniczanka_004-1-150x150.jpg\" width=\"150\" height=\"150\" alt=\"\" \/><\/a><\/div><div class=\"rl-gallery-item\"><a href=\"https:\/\/wczasy.flt.krasnik.pl\/wp-content\/uploads\/2019\/11\/Kra\u015bniczanka_005-1.jpg\" title=\"\" data-rl_title=\"\" class=\"rl-gallery-link\" data-rl_caption=\"\" data-rel=\"lightbox-gallery-1\"><img loading=\"lazy\" decoding=\"async\" src=\"https:\/\/wczasy.flt.krasnik.pl\/wp-content\/uploads\/2019\/11\/Kra\u015bniczanka_005-1-150x150.jpg\" width=\"150\" height=\"150\" alt=\"\" \/><\/a><\/div><div class=\"rl-gallery-item\"><a href=\"https:\/\/wczasy.flt.krasnik.pl\/wp-content\/uploads\/2019\/11\/Kra\u015bniczanka_007-1.jpg\" title=\"\" data-rl_title=\"\" class=\"rl-gallery-link\" data-rl_caption=\"\" data-rel=\"lightbox-gallery-1\"><img loading=\"lazy\" decoding=\"async\" src=\"https:\/\/wczasy.flt.krasnik.pl\/wp-content\/uploads\/2019\/11\/Kra\u015bniczanka_007-1-150x150.jpg\" width=\"150\" height=\"150\" alt=\"\" \/><\/a><\/div><div class=\"rl-gallery-item\"><a href=\"https:\/\/wczasy.flt.krasnik.pl\/wp-content\/uploads\/2019\/11\/Kra\u015bniczanka_008-1.jpg\" title=\"\" data-rl_title=\"\" class=\"rl-gallery-link\" data-rl_caption=\"\" data-rel=\"lightbox-gallery-1\"><img loading=\"lazy\" decoding=\"async\" src=\"https:\/\/wczasy.flt.krasnik.pl\/wp-content\/uploads\/2019\/11\/Kra\u015bniczanka_008-1-150x150.jpg\" width=\"150\" height=\"150\" alt=\"\" \/><\/a><\/div><div class=\"rl-gallery-item\"><a href=\"https:\/\/wczasy.flt.krasnik.pl\/wp-content\/uploads\/2019\/11\/Kra\u015bniczanka_009-1.jpg\" title=\"\" data-rl_title=\"\" class=\"rl-gallery-link\" data-rl_caption=\"\" data-rel=\"lightbox-gallery-1\"><img loading=\"lazy\" decoding=\"async\" src=\"https:\/\/wczasy.flt.krasnik.pl\/wp-content\/uploads\/2019\/11\/Kra\u015bniczanka_009-1-150x150.jpg\" width=\"150\" height=\"150\" alt=\"\" \/><\/a><\/div><div class=\"rl-gallery-item\"><a href=\"https:\/\/wczasy.flt.krasnik.pl\/wp-content\/uploads\/2019\/11\/Kra\u015bniczanka_010-1.jpg\" title=\"\" data-rl_title=\"\" class=\"rl-gallery-link\" data-rl_caption=\"\" data-rel=\"lightbox-gallery-1\"><img loading=\"lazy\" decoding=\"async\" src=\"https:\/\/wczasy.flt.krasnik.pl\/wp-content\/uploads\/2019\/11\/Kra\u015bniczanka_010-1-150x150.jpg\" width=\"150\" height=\"150\" alt=\"\" \/><\/a><\/div><div class=\"rl-gallery-item\"><a href=\"https:\/\/wczasy.flt.krasnik.pl\/wp-content\/uploads\/2019\/11\/Kra\u015bniczanka_011-1.jpg\" title=\"\" data-rl_title=\"\" class=\"rl-gallery-link\" data-rl_caption=\"\" data-rel=\"lightbox-gallery-1\"><img loading=\"lazy\" decoding=\"async\" src=\"https:\/\/wczasy.flt.krasnik.pl\/wp-content\/uploads\/2019\/11\/Kra\u015bniczanka_011-1-150x150.jpg\" width=\"150\" height=\"150\" alt=\"\" \/><\/a><\/div><div class=\"rl-gallery-item\"><a href=\"https:\/\/wczasy.flt.krasnik.pl\/wp-content\/uploads\/2019\/11\/Kra\u015bniczanka_012-1.jpg\" title=\"\" data-rl_title=\"\" class=\"rl-gallery-link\" data-rl_caption=\"\" data-rel=\"lightbox-gallery-1\"><img loading=\"lazy\" decoding=\"async\" src=\"https:\/\/wczasy.flt.krasnik.pl\/wp-content\/uploads\/2019\/11\/Kra\u015bniczanka_012-1-150x150.jpg\" width=\"150\" height=\"150\" alt=\"\" \/><\/a><\/div><div class=\"rl-gallery-item\"><a href=\"https:\/\/wczasy.flt.krasnik.pl\/wp-content\/uploads\/2019\/11\/Kra\u015bniczanka_013-1.jpg\" title=\"\" data-rl_title=\"\" class=\"rl-gallery-link\" data-rl_caption=\"\" data-rel=\"lightbox-gallery-1\"><img loading=\"lazy\" decoding=\"async\" src=\"https:\/\/wczasy.flt.krasnik.pl\/wp-content\/uploads\/2019\/11\/Kra\u015bniczanka_013-1-150x150.jpg\" width=\"150\" height=\"150\" alt=\"\" \/><\/a><\/div><div class=\"rl-gallery-item\"><a href=\"https:\/\/wczasy.flt.krasnik.pl\/wp-content\/uploads\/2019\/11\/Kra\u015bniczanka_016-1.jpg\" title=\"\" data-rl_title=\"\" class=\"rl-gallery-link\" data-rl_caption=\"\" data-rel=\"lightbox-gallery-1\"><img loading=\"lazy\" decoding=\"async\" src=\"https:\/\/wczasy.flt.krasnik.pl\/wp-content\/uploads\/2019\/11\/Kra\u015bniczanka_016-1-150x150.jpg\" width=\"150\" height=\"150\" alt=\"\" \/><\/a><\/div><div class=\"rl-gallery-item\"><a href=\"https:\/\/wczasy.flt.krasnik.pl\/wp-content\/uploads\/2019\/11\/Kra\u015bniczanka_023-1.jpg\" title=\"\" data-rl_title=\"\" class=\"rl-gallery-link\" data-rl_caption=\"\" data-rel=\"lightbox-gallery-1\"><img loading=\"lazy\" decoding=\"async\" src=\"https:\/\/wczasy.flt.krasnik.pl\/wp-content\/uploads\/2019\/11\/Kra\u015bniczanka_023-1-150x150.jpg\" width=\"150\" height=\"150\" alt=\"\" \/><\/a><\/div><div class=\"rl-gallery-item\"><a href=\"https:\/\/wczasy.flt.krasnik.pl\/wp-content\/uploads\/2019\/11\/Kra\u015bniczanka_024-1.jpg\" title=\"\" data-rl_title=\"\" class=\"rl-gallery-link\" data-rl_caption=\"\" data-rel=\"lightbox-gallery-1\"><img loading=\"lazy\" decoding=\"async\" src=\"https:\/\/wczasy.flt.krasnik.pl\/wp-content\/uploads\/2019\/11\/Kra\u015bniczanka_024-1-150x150.jpg\" width=\"150\" height=\"150\" alt=\"\" \/><\/a><\/div><div class=\"rl-gallery-item\"><a href=\"https:\/\/wczasy.flt.krasnik.pl\/wp-content\/uploads\/2019\/11\/Kra\u015bniczanka_030-1.jpg\" title=\"\" data-rl_title=\"\" class=\"rl-gallery-link\" data-rl_caption=\"\" data-rel=\"lightbox-gallery-1\"><img loading=\"lazy\" decoding=\"async\" src=\"https:\/\/wczasy.flt.krasnik.pl\/wp-content\/uploads\/2019\/11\/Kra\u015bniczanka_030-1-150x150.jpg\" width=\"150\" height=\"150\" alt=\"\" \/><\/a><\/div><div class=\"rl-gallery-item\"><a href=\"https:\/\/wczasy.flt.krasnik.pl\/wp-content\/uploads\/2019\/11\/Kra\u015bniczanka_031-1.jpg\" title=\"\" data-rl_title=\"\" class=\"rl-gallery-link\" data-rl_caption=\"\" data-rel=\"lightbox-gallery-1\"><img loading=\"lazy\" decoding=\"async\" src=\"https:\/\/wczasy.flt.krasnik.pl\/wp-content\/uploads\/2019\/11\/Kra\u015bniczanka_031-1-150x150.jpg\" width=\"150\" height=\"150\" alt=\"\" \/><\/a><\/div> <\/div> <div class=\"rl-pagination rl-pagination-bottom\"><span aria-current=\"page\" class=\"page-numbers current\">1<\/span> <a class=\"page-numbers\" href=\"https:\/\/wczasy.flt.krasnik.pl?rl_gallery_no=1&#038;rl_page=2&#038;rest_route=%2Fwp%2Fv2%2Fpages%2F72\">2<\/a> <a class=\"next page-numbers\" href=\"https:\/\/wczasy.flt.krasnik.pl?rl_gallery_no=1&#038;rl_page=2&#038;rest_route=%2Fwp%2Fv2%2Fpages%2F72\">Nast\u0119pny &raquo;<\/a><\/div> <\/div>\u00a0<\/td>\r\n<\/tr>\r\n<\/tbody>\r\n<\/table>\r\n<p>&nbsp;<\/p>\r\n","protected":false},"excerpt":{"rendered":"<p>\u00a0 \u00a0 &nbsp;<\/p>\n","protected":false},"author":3,"featured_media":0,"parent":0,"menu_order":0,"comment_status":"closed","ping_status":"closed","template":"","meta":{"footnotes":""},"class_list":["post-72","page","type-page","status-publish","hentry"],"yoast_head":"<!-- This site is optimized with the Yoast SEO plugin v27.4 - https:\/\/yoast.com\/product\/yoast-seo-wordpress\/ -->\n<title>Galeria Kra\u015bniczanki - O\u015brodki wczasowe<\/title>\n<meta name=\"robots\" content=\"index, follow, max-snippet:-1, max-image-preview:large, max-video-preview:-1\" \/>\n<link rel=\"canonical\" href=\"https:\/\/wczasy.flt.krasnik.pl\/?page_id=72\" \/>\n<meta property=\"og:locale\" content=\"pl_PL\" \/>\n<meta property=\"og:type\" content=\"article\" \/>\n<meta property=\"og:title\" content=\"Galeria Kra\u015bniczanki - O\u015brodki wczasowe\" \/>\n<meta property=\"og:description\" content=\"\u00a0 \u00a0 &nbsp;\" \/>\n<meta property=\"og:url\" content=\"https:\/\/wczasy.flt.krasnik.pl\/?page_id=72\" \/>\n<meta property=\"og:site_name\" content=\"O\u015brodki wczasowe\" \/>\n<meta property=\"article:publisher\" content=\"https:\/\/www.facebook.com\/people\/FT-Kranik-SA\/100063997297542\/#\" \/>\n<meta property=\"article:modified_time\" content=\"2019-11-14T22:23:42+00:00\" \/>\n<meta name=\"twitter:card\" content=\"summary_large_image\" \/>\n<script type=\"application\/ld+json\" class=\"yoast-schema-graph\">{\"@context\":\"https:\\\/\\\/schema.org\",\"@graph\":[{\"@type\":\"WebPage\",\"@id\":\"https:\\\/\\\/wczasy.flt.krasnik.pl\\\/?page_id=72\",\"url\":\"https:\\\/\\\/wczasy.flt.krasnik.pl\\\/?page_id=72\",\"name\":\"Galeria Kra\u015bniczanki - O\u015brodki wczasowe\",\"isPartOf\":{\"@id\":\"https:\\\/\\\/wczasy.flt.krasnik.pl\\\/#website\"},\"datePublished\":\"2019-11-07T13:32:47+00:00\",\"dateModified\":\"2019-11-14T22:23:42+00:00\",\"breadcrumb\":{\"@id\":\"https:\\\/\\\/wczasy.flt.krasnik.pl\\\/?page_id=72#breadcrumb\"},\"inLanguage\":\"pl-PL\",\"potentialAction\":[{\"@type\":\"ReadAction\",\"target\":[\"https:\\\/\\\/wczasy.flt.krasnik.pl\\\/?page_id=72\"]}]},{\"@type\":\"BreadcrumbList\",\"@id\":\"https:\\\/\\\/wczasy.flt.krasnik.pl\\\/?page_id=72#breadcrumb\",\"itemListElement\":[{\"@type\":\"ListItem\",\"position\":1,\"name\":\"Strona g\u0142\u00f3wna\",\"item\":\"https:\\\/\\\/wczasy.flt.krasnik.pl\\\/\"},{\"@type\":\"ListItem\",\"position\":2,\"name\":\"Galeria Kra\u015bniczanki\"}]},{\"@type\":\"WebSite\",\"@id\":\"https:\\\/\\\/wczasy.flt.krasnik.pl\\\/#website\",\"url\":\"https:\\\/\\\/wczasy.flt.krasnik.pl\\\/\",\"name\":\"O\u015brodki wczasowe\",\"description\":\"F\u0141T - Kra\u015bnik S.A.\",\"publisher\":{\"@id\":\"https:\\\/\\\/wczasy.flt.krasnik.pl\\\/#organization\"},\"potentialAction\":[{\"@type\":\"SearchAction\",\"target\":{\"@type\":\"EntryPoint\",\"urlTemplate\":\"https:\\\/\\\/wczasy.flt.krasnik.pl\\\/?s={search_term_string}\"},\"query-input\":{\"@type\":\"PropertyValueSpecification\",\"valueRequired\":true,\"valueName\":\"search_term_string\"}}],\"inLanguage\":\"pl-PL\"},{\"@type\":\"Organization\",\"@id\":\"https:\\\/\\\/wczasy.flt.krasnik.pl\\\/#organization\",\"name\":\"Fabryka \u0141o\u017cysk Tocznych - Kra\u015bnik SA\",\"url\":\"https:\\\/\\\/wczasy.flt.krasnik.pl\\\/\",\"logo\":{\"@type\":\"ImageObject\",\"inLanguage\":\"pl-PL\",\"@id\":\"https:\\\/\\\/wczasy.flt.krasnik.pl\\\/#\\\/schema\\\/logo\\\/image\\\/\",\"url\":\"https:\\\/\\\/wczasy.flt.krasnik.pl\\\/wp-content\\\/uploads\\\/2019\\\/11\\\/cropped-logo2.jpg\",\"contentUrl\":\"https:\\\/\\\/wczasy.flt.krasnik.pl\\\/wp-content\\\/uploads\\\/2019\\\/11\\\/cropped-logo2.jpg\",\"width\":282,\"height\":282,\"caption\":\"Fabryka \u0141o\u017cysk Tocznych - Kra\u015bnik SA\"},\"image\":{\"@id\":\"https:\\\/\\\/wczasy.flt.krasnik.pl\\\/#\\\/schema\\\/logo\\\/image\\\/\"},\"sameAs\":[\"https:\\\/\\\/www.facebook.com\\\/people\\\/FT-Kranik-SA\\\/100063997297542\\\/#\"]}]}<\/script>\n<!-- \/ Yoast SEO plugin. -->","yoast_head_json":{"title":"Galeria Kra\u015bniczanki - O\u015brodki wczasowe","robots":{"index":"index","follow":"follow","max-snippet":"max-snippet:-1","max-image-preview":"max-image-preview:large","max-video-preview":"max-video-preview:-1"},"canonical":"https:\/\/wczasy.flt.krasnik.pl\/?page_id=72","og_locale":"pl_PL","og_type":"article","og_title":"Galeria Kra\u015bniczanki - O\u015brodki wczasowe","og_description":"\u00a0 \u00a0 &nbsp;","og_url":"https:\/\/wczasy.flt.krasnik.pl\/?page_id=72","og_site_name":"O\u015brodki wczasowe","article_publisher":"https:\/\/www.facebook.com\/people\/FT-Kranik-SA\/100063997297542\/#","article_modified_time":"2019-11-14T22:23:42+00:00","twitter_card":"summary_large_image","schema":{"@context":"https:\/\/schema.org","@graph":[{"@type":"WebPage","@id":"https:\/\/wczasy.flt.krasnik.pl\/?page_id=72","url":"https:\/\/wczasy.flt.krasnik.pl\/?page_id=72","name":"Galeria Kra\u015bniczanki - O\u015brodki wczasowe","isPartOf":{"@id":"https:\/\/wczasy.flt.krasnik.pl\/#website"},"datePublished":"2019-11-07T13:32:47+00:00","dateModified":"2019-11-14T22:23:42+00:00","breadcrumb":{"@id":"https:\/\/wczasy.flt.krasnik.pl\/?page_id=72#breadcrumb"},"inLanguage":"pl-PL","potentialAction":[{"@type":"ReadAction","target":["https:\/\/wczasy.flt.krasnik.pl\/?page_id=72"]}]},{"@type":"BreadcrumbList","@id":"https:\/\/wczasy.flt.krasnik.pl\/?page_id=72#breadcrumb","itemListElement":[{"@type":"ListItem","position":1,"name":"Strona g\u0142\u00f3wna","item":"https:\/\/wczasy.flt.krasnik.pl\/"},{"@type":"ListItem","position":2,"name":"Galeria Kra\u015bniczanki"}]},{"@type":"WebSite","@id":"https:\/\/wczasy.flt.krasnik.pl\/#website","url":"https:\/\/wczasy.flt.krasnik.pl\/","name":"O\u015brodki wczasowe","description":"F\u0141T - Kra\u015bnik S.A.","publisher":{"@id":"https:\/\/wczasy.flt.krasnik.pl\/#organization"},"potentialAction":[{"@type":"SearchAction","target":{"@type":"EntryPoint","urlTemplate":"https:\/\/wczasy.flt.krasnik.pl\/?s={search_term_string}"},"query-input":{"@type":"PropertyValueSpecification","valueRequired":true,"valueName":"search_term_string"}}],"inLanguage":"pl-PL"},{"@type":"Organization","@id":"https:\/\/wczasy.flt.krasnik.pl\/#organization","name":"Fabryka \u0141o\u017cysk Tocznych - Kra\u015bnik SA","url":"https:\/\/wczasy.flt.krasnik.pl\/","logo":{"@type":"ImageObject","inLanguage":"pl-PL","@id":"https:\/\/wczasy.flt.krasnik.pl\/#\/schema\/logo\/image\/","url":"https:\/\/wczasy.flt.krasnik.pl\/wp-content\/uploads\/2019\/11\/cropped-logo2.jpg","contentUrl":"https:\/\/wczasy.flt.krasnik.pl\/wp-content\/uploads\/2019\/11\/cropped-logo2.jpg","width":282,"height":282,"caption":"Fabryka \u0141o\u017cysk Tocznych - Kra\u015bnik SA"},"image":{"@id":"https:\/\/wczasy.flt.krasnik.pl\/#\/schema\/logo\/image\/"},"sameAs":["https:\/\/www.facebook.com\/people\/FT-Kranik-SA\/100063997297542\/#"]}]}},"_links":{"self":[{"href":"https:\/\/wczasy.flt.krasnik.pl\/index.php?rest_route=\/wp\/v2\/pages\/72","targetHints":{"allow":["GET"]}}],"collection":[{"href":"https:\/\/wczasy.flt.krasnik.pl\/index.php?rest_route=\/wp\/v2\/pages"}],"about":[{"href":"https:\/\/wczasy.flt.krasnik.pl\/index.php?rest_route=\/wp\/v2\/types\/page"}],"author":[{"embeddable":true,"href":"https:\/\/wczasy.flt.krasnik.pl\/index.php?rest_route=\/wp\/v2\/users\/3"}],"replies":[{"embeddable":true,"href":"https:\/\/wczasy.flt.krasnik.pl\/index.php?rest_route=%2Fwp%2Fv2%2Fcomments&post=72"}],"version-history":[{"count":5,"href":"https:\/\/wczasy.flt.krasnik.pl\/index.php?rest_route=\/wp\/v2\/pages\/72\/revisions"}],"predecessor-version":[{"id":384,"href":"https:\/\/wczasy.flt.krasnik.pl\/index.php?rest_route=\/wp\/v2\/pages\/72\/revisions\/384"}],"wp:attachment":[{"href":"https:\/\/wczasy.flt.krasnik.pl\/index.php?rest_route=%2Fwp%2Fv2%2Fmedia&parent=72"}],"curies":[{"name":"wp","href":"https:\/\/api.w.org\/{rel}","templated":true}]}}