{"id":69,"date":"2019-11-07T14:31:41","date_gmt":"2019-11-07T13:31:41","guid":{"rendered":"https:\/\/wczasy.flt.krasnik.pl\/?page_id=69"},"modified":"2019-11-08T21:59:52","modified_gmt":"2019-11-08T20:59:52","slug":"aktualnosci","status":"publish","type":"page","link":"https:\/\/wczasy.flt.krasnik.pl\/?page_id=69","title":{"rendered":"Aktualno\u015bci"},"content":{"rendered":"<p>&nbsp;<\/p>\n<p>&nbsp;<\/p>\n<p>&nbsp;<\/p>\n<p>&nbsp;<\/p>\n<p>&nbsp;<\/p>\n<p>&nbsp;<\/p>\n<p>&nbsp;<\/p>\n<p>&nbsp;<\/p>\n<p>&nbsp;<\/p>\n","protected":false},"excerpt":{"rendered":"<p>&nbsp; &nbsp; &nbsp; &nbsp; &nbsp; &nbsp; &nbsp; &nbsp; &nbsp;<\/p>\n","protected":false},"author":3,"featured_media":0,"parent":0,"menu_order":0,"comment_status":"closed","ping_status":"closed","template":"","meta":{"footnotes":""},"class_list":["post-69","page","type-page","status-publish","hentry"],"yoast_head":"<!-- This site is optimized with the Yoast SEO plugin v27.4 - https:\/\/yoast.com\/product\/yoast-seo-wordpress\/ -->\n<title>Aktualno\u015bci - O\u015brodki wczasowe<\/title>\n<meta name=\"robots\" content=\"index, follow, max-snippet:-1, max-image-preview:large, max-video-preview:-1\" \/>\n<link rel=\"canonical\" href=\"https:\/\/wczasy.flt.krasnik.pl\/?page_id=69\" \/>\n<meta property=\"og:locale\" content=\"pl_PL\" \/>\n<meta property=\"og:type\" content=\"article\" \/>\n<meta property=\"og:title\" content=\"Aktualno\u015bci - O\u015brodki wczasowe\" \/>\n<meta property=\"og:description\" content=\"&nbsp; &nbsp; &nbsp; &nbsp; &nbsp; &nbsp; &nbsp; &nbsp; &nbsp;\" \/>\n<meta property=\"og:url\" content=\"https:\/\/wczasy.flt.krasnik.pl\/?page_id=69\" \/>\n<meta property=\"og:site_name\" content=\"O\u015brodki wczasowe\" \/>\n<meta property=\"article:publisher\" content=\"https:\/\/www.facebook.com\/people\/FT-Kranik-SA\/100063997297542\/#\" \/>\n<meta property=\"article:modified_time\" content=\"2019-11-08T20:59:52+00:00\" \/>\n<meta name=\"twitter:card\" content=\"summary_large_image\" \/>\n<script type=\"application\/ld+json\" class=\"yoast-schema-graph\">{\"@context\":\"https:\\\/\\\/schema.org\",\"@graph\":[{\"@type\":\"WebPage\",\"@id\":\"https:\\\/\\\/wczasy.flt.krasnik.pl\\\/?page_id=69\",\"url\":\"https:\\\/\\\/wczasy.flt.krasnik.pl\\\/?page_id=69\",\"name\":\"Aktualno\u015bci - O\u015brodki wczasowe\",\"isPartOf\":{\"@id\":\"https:\\\/\\\/wczasy.flt.krasnik.pl\\\/#website\"},\"datePublished\":\"2019-11-07T13:31:41+00:00\",\"dateModified\":\"2019-11-08T20:59:52+00:00\",\"breadcrumb\":{\"@id\":\"https:\\\/\\\/wczasy.flt.krasnik.pl\\\/?page_id=69#breadcrumb\"},\"inLanguage\":\"pl-PL\",\"potentialAction\":[{\"@type\":\"ReadAction\",\"target\":[\"https:\\\/\\\/wczasy.flt.krasnik.pl\\\/?page_id=69\"]}]},{\"@type\":\"BreadcrumbList\",\"@id\":\"https:\\\/\\\/wczasy.flt.krasnik.pl\\\/?page_id=69#breadcrumb\",\"itemListElement\":[{\"@type\":\"ListItem\",\"position\":1,\"name\":\"Strona g\u0142\u00f3wna\",\"item\":\"https:\\\/\\\/wczasy.flt.krasnik.pl\\\/\"},{\"@type\":\"ListItem\",\"position\":2,\"name\":\"Aktualno\u015bci\"}]},{\"@type\":\"WebSite\",\"@id\":\"https:\\\/\\\/wczasy.flt.krasnik.pl\\\/#website\",\"url\":\"https:\\\/\\\/wczasy.flt.krasnik.pl\\\/\",\"name\":\"O\u015brodki wczasowe\",\"description\":\"F\u0141T - Kra\u015bnik S.A.\",\"publisher\":{\"@id\":\"https:\\\/\\\/wczasy.flt.krasnik.pl\\\/#organization\"},\"potentialAction\":[{\"@type\":\"SearchAction\",\"target\":{\"@type\":\"EntryPoint\",\"urlTemplate\":\"https:\\\/\\\/wczasy.flt.krasnik.pl\\\/?s={search_term_string}\"},\"query-input\":{\"@type\":\"PropertyValueSpecification\",\"valueRequired\":true,\"valueName\":\"search_term_string\"}}],\"inLanguage\":\"pl-PL\"},{\"@type\":\"Organization\",\"@id\":\"https:\\\/\\\/wczasy.flt.krasnik.pl\\\/#organization\",\"name\":\"Fabryka \u0141o\u017cysk Tocznych - Kra\u015bnik SA\",\"url\":\"https:\\\/\\\/wczasy.flt.krasnik.pl\\\/\",\"logo\":{\"@type\":\"ImageObject\",\"inLanguage\":\"pl-PL\",\"@id\":\"https:\\\/\\\/wczasy.flt.krasnik.pl\\\/#\\\/schema\\\/logo\\\/image\\\/\",\"url\":\"https:\\\/\\\/wczasy.flt.krasnik.pl\\\/wp-content\\\/uploads\\\/2019\\\/11\\\/cropped-logo2.jpg\",\"contentUrl\":\"https:\\\/\\\/wczasy.flt.krasnik.pl\\\/wp-content\\\/uploads\\\/2019\\\/11\\\/cropped-logo2.jpg\",\"width\":282,\"height\":282,\"caption\":\"Fabryka \u0141o\u017cysk Tocznych - Kra\u015bnik SA\"},\"image\":{\"@id\":\"https:\\\/\\\/wczasy.flt.krasnik.pl\\\/#\\\/schema\\\/logo\\\/image\\\/\"},\"sameAs\":[\"https:\\\/\\\/www.facebook.com\\\/people\\\/FT-Kranik-SA\\\/100063997297542\\\/#\"]}]}<\/script>\n<!-- \/ Yoast SEO plugin. -->","yoast_head_json":{"title":"Aktualno\u015bci - O\u015brodki wczasowe","robots":{"index":"index","follow":"follow","max-snippet":"max-snippet:-1","max-image-preview":"max-image-preview:large","max-video-preview":"max-video-preview:-1"},"canonical":"https:\/\/wczasy.flt.krasnik.pl\/?page_id=69","og_locale":"pl_PL","og_type":"article","og_title":"Aktualno\u015bci - O\u015brodki wczasowe","og_description":"&nbsp; &nbsp; &nbsp; &nbsp; &nbsp; &nbsp; &nbsp; &nbsp; &nbsp;","og_url":"https:\/\/wczasy.flt.krasnik.pl\/?page_id=69","og_site_name":"O\u015brodki wczasowe","article_publisher":"https:\/\/www.facebook.com\/people\/FT-Kranik-SA\/100063997297542\/#","article_modified_time":"2019-11-08T20:59:52+00:00","twitter_card":"summary_large_image","schema":{"@context":"https:\/\/schema.org","@graph":[{"@type":"WebPage","@id":"https:\/\/wczasy.flt.krasnik.pl\/?page_id=69","url":"https:\/\/wczasy.flt.krasnik.pl\/?page_id=69","name":"Aktualno\u015bci - O\u015brodki wczasowe","isPartOf":{"@id":"https:\/\/wczasy.flt.krasnik.pl\/#website"},"datePublished":"2019-11-07T13:31:41+00:00","dateModified":"2019-11-08T20:59:52+00:00","breadcrumb":{"@id":"https:\/\/wczasy.flt.krasnik.pl\/?page_id=69#breadcrumb"},"inLanguage":"pl-PL","potentialAction":[{"@type":"ReadAction","target":["https:\/\/wczasy.flt.krasnik.pl\/?page_id=69"]}]},{"@type":"BreadcrumbList","@id":"https:\/\/wczasy.flt.krasnik.pl\/?page_id=69#breadcrumb","itemListElement":[{"@type":"ListItem","position":1,"name":"Strona g\u0142\u00f3wna","item":"https:\/\/wczasy.flt.krasnik.pl\/"},{"@type":"ListItem","position":2,"name":"Aktualno\u015bci"}]},{"@type":"WebSite","@id":"https:\/\/wczasy.flt.krasnik.pl\/#website","url":"https:\/\/wczasy.flt.krasnik.pl\/","name":"O\u015brodki wczasowe","description":"F\u0141T - Kra\u015bnik S.A.","publisher":{"@id":"https:\/\/wczasy.flt.krasnik.pl\/#organization"},"potentialAction":[{"@type":"SearchAction","target":{"@type":"EntryPoint","urlTemplate":"https:\/\/wczasy.flt.krasnik.pl\/?s={search_term_string}"},"query-input":{"@type":"PropertyValueSpecification","valueRequired":true,"valueName":"search_term_string"}}],"inLanguage":"pl-PL"},{"@type":"Organization","@id":"https:\/\/wczasy.flt.krasnik.pl\/#organization","name":"Fabryka \u0141o\u017cysk Tocznych - Kra\u015bnik SA","url":"https:\/\/wczasy.flt.krasnik.pl\/","logo":{"@type":"ImageObject","inLanguage":"pl-PL","@id":"https:\/\/wczasy.flt.krasnik.pl\/#\/schema\/logo\/image\/","url":"https:\/\/wczasy.flt.krasnik.pl\/wp-content\/uploads\/2019\/11\/cropped-logo2.jpg","contentUrl":"https:\/\/wczasy.flt.krasnik.pl\/wp-content\/uploads\/2019\/11\/cropped-logo2.jpg","width":282,"height":282,"caption":"Fabryka \u0141o\u017cysk Tocznych - Kra\u015bnik SA"},"image":{"@id":"https:\/\/wczasy.flt.krasnik.pl\/#\/schema\/logo\/image\/"},"sameAs":["https:\/\/www.facebook.com\/people\/FT-Kranik-SA\/100063997297542\/#"]}]}},"_links":{"self":[{"href":"https:\/\/wczasy.flt.krasnik.pl\/index.php?rest_route=\/wp\/v2\/pages\/69","targetHints":{"allow":["GET"]}}],"collection":[{"href":"https:\/\/wczasy.flt.krasnik.pl\/index.php?rest_route=\/wp\/v2\/pages"}],"about":[{"href":"https:\/\/wczasy.flt.krasnik.pl\/index.php?rest_route=\/wp\/v2\/types\/page"}],"author":[{"embeddable":true,"href":"https:\/\/wczasy.flt.krasnik.pl\/index.php?rest_route=\/wp\/v2\/users\/3"}],"replies":[{"embeddable":true,"href":"https:\/\/wczasy.flt.krasnik.pl\/index.php?rest_route=%2Fwp%2Fv2%2Fcomments&post=69"}],"version-history":[{"count":2,"href":"https:\/\/wczasy.flt.krasnik.pl\/index.php?rest_route=\/wp\/v2\/pages\/69\/revisions"}],"predecessor-version":[{"id":272,"href":"https:\/\/wczasy.flt.krasnik.pl\/index.php?rest_route=\/wp\/v2\/pages\/69\/revisions\/272"}],"wp:attachment":[{"href":"https:\/\/wczasy.flt.krasnik.pl\/index.php?rest_route=%2Fwp%2Fv2%2Fmedia&parent=69"}],"curies":[{"name":"wp","href":"https:\/\/api.w.org\/{rel}","templated":true}]}}