{"id":54,"date":"2019-11-07T12:21:50","date_gmt":"2019-11-07T11:21:50","guid":{"rendered":"https:\/\/wczasy.flt.krasnik.pl\/?page_id=54"},"modified":"2019-11-26T09:42:29","modified_gmt":"2019-11-26T08:42:29","slug":"osrodek-wczasowy-w-muszynie","status":"publish","type":"page","link":"https:\/\/wczasy.flt.krasnik.pl\/?page_id=54","title":{"rendered":"O\u015brodek wczasowy w Muszynie"},"content":{"rendered":"\r\n<figure><\/figure>\r\n<figure class=\"wp-block-image\">\r\n<table class=\" alignleft\" style=\"background-color: #b8b0b0; border-color: #b8b0b0; height: 395px;\" border=\"0\" width=\"1324\" cellspacing=\"0\">\r\n<tbody>\r\n<tr>\r\n<td style=\"border-color: #b8b0b0; background-color: #b8b0b0; text-align: center;\" colspan=\"2\">\r\n<p><span style=\"font-family: arial, helvetica, sans-serif;\"><strong><span style=\"font-size: 16pt;\">O\u015brodek Wczasowy Kra\u015bniczanka<\/span><\/strong><\/span><\/p>\r\n<p style=\"padding-left: 40px;\"><img loading=\"lazy\" decoding=\"async\" class=\"wp-image-210 alignleft\" style=\"font-size: inherit; font-family: georgia, palatino, serif;\" src=\"https:\/\/wczasy.flt.krasnik.pl\/wp-content\/uploads\/2019\/11\/Krasniczanka_006-206x300.jpg\" alt=\"\" width=\"208\" height=\"303\" srcset=\"https:\/\/wczasy.flt.krasnik.pl\/wp-content\/uploads\/2019\/11\/Krasniczanka_006-206x300.jpg 206w, https:\/\/wczasy.flt.krasnik.pl\/wp-content\/uploads\/2019\/11\/Krasniczanka_006-702x1024.jpg 702w, https:\/\/wczasy.flt.krasnik.pl\/wp-content\/uploads\/2019\/11\/Krasniczanka_006.jpg 740w\" sizes=\"auto, (max-width: 208px) 100vw, 208px\" \/><\/p>\r\n<p style=\"text-align: justify; padding-left: 280px;\"><span style=\"font-family: arial, helvetica, sans-serif;\">O\u015brodek Wczasowy Kra\u015bniczanka oferuje 32 miejsca noclegowe (pokoje 2 osobowe): <\/span><\/p>\r\n<ul>\r\n<li style=\"list-style-type: none;\">\r\n<ul>\r\n<li style=\"list-style-type: none;\">\r\n<ul>\r\n<li style=\"list-style-type: none;\">\r\n<ul>\r\n<li style=\"list-style-type: none;\">\r\n<ul>\r\n<li style=\"list-style-type: none;\">\r\n<ul>\r\n<li style=\"list-style-type: none;\">\r\n<ul>\r\n<li style=\"list-style-type: none;\">\r\n<ul>\r\n<li style=\"text-align: justify;\"><span style=\"font-family: arial, helvetica, sans-serif;\">7 pokoi z \u0142azienkami,\u00a0 <\/span><\/li>\r\n<li style=\"text-align: justify;\"><span style=\"font-family: arial, helvetica, sans-serif;\">9 z \u0142azienk\u0105 na korytarzu. <\/span><\/li>\r\n<\/ul>\r\n<\/li>\r\n<\/ul>\r\n<\/li>\r\n<\/ul>\r\n<\/li>\r\n<\/ul>\r\n<\/li>\r\n<\/ul>\r\n<\/li>\r\n<\/ul>\r\n<\/li>\r\n<\/ul>\r\n<\/li>\r\n<\/ul>\r\n<p style=\"text-align: justify; padding-left: 280px;\"><span style=\"font-family: arial, helvetica, sans-serif;\">Pokoje posiadaj\u0105: balkony, tv, radio i czajnik elektryczny. <\/span><\/p>\r\n<p style=\"text-align: justify; padding-left: 280px;\"><span style=\"font-family: arial, helvetica, sans-serif;\">Do dyspozycji go\u015bci: jest \u015bwietlica i w pe\u0142ni wyposa\u017cona kuchnia. <\/span><\/p>\r\n<p style=\"text-align: justify; padding-left: 280px;\"><span style=\"font-family: arial, helvetica, sans-serif;\">Na terenie obiektu znajduje si\u0119 ogr\u00f3d, boisko do siatk\u00f3wki oraz zamkni\u0119ty parking. <\/span><\/p>\r\n<p style=\"text-align: justify; padding-left: 280px;\"><span style=\"font-family: arial, helvetica, sans-serif;\">O\u015brodek usytuowany jest w Muszynie nad rzeka Poprad w dogodnej lokalizacji, nieopodal znajduj\u0105 si\u0119 sklepy, dworzec PKP i przystanek komunikacji miejskiej.<\/span><\/p>\r\n<p style=\"text-align: justify; padding-left: 320px;\">Ceny nocleg\u00f3w ju\u017c od 40 PLN \/osob\u0119.<\/p>\r\n<\/td>\r\n<\/tr>\r\n<\/tbody>\r\n<\/table>\r\n<img decoding=\"async\" class=\"wp-image-56\" src=\"https:\/\/wczasy.flt.krasnik.pl\/wp-content\/uploads\/2019\/11\/DSC_0016-1024x683.jpg\" alt=\"\" \/><\/figure>\r\n","protected":false},"excerpt":{"rendered":"","protected":false},"author":3,"featured_media":0,"parent":0,"menu_order":0,"comment_status":"closed","ping_status":"closed","template":"","meta":{"footnotes":""},"class_list":["post-54","page","type-page","status-publish","hentry"],"yoast_head":"<!-- This site is optimized with the Yoast SEO plugin v27.4 - https:\/\/yoast.com\/product\/yoast-seo-wordpress\/ -->\n<title>O\u015brodek wczasowy w Muszynie - O\u015brodki wczasowe<\/title>\n<meta name=\"robots\" content=\"index, follow, max-snippet:-1, max-image-preview:large, max-video-preview:-1\" \/>\n<link rel=\"canonical\" href=\"https:\/\/wczasy.flt.krasnik.pl\/?page_id=54\" \/>\n<meta property=\"og:locale\" content=\"pl_PL\" \/>\n<meta property=\"og:type\" content=\"article\" \/>\n<meta property=\"og:title\" content=\"O\u015brodek wczasowy w Muszynie - O\u015brodki wczasowe\" \/>\n<meta property=\"og:url\" content=\"https:\/\/wczasy.flt.krasnik.pl\/?page_id=54\" \/>\n<meta property=\"og:site_name\" content=\"O\u015brodki wczasowe\" \/>\n<meta property=\"article:publisher\" content=\"https:\/\/www.facebook.com\/people\/FT-Kranik-SA\/100063997297542\/#\" \/>\n<meta property=\"article:modified_time\" content=\"2019-11-26T08:42:29+00:00\" \/>\n<meta property=\"og:image\" content=\"https:\/\/wczasy.flt.krasnik.pl\/wp-content\/uploads\/2019\/11\/Krasniczanka_006.jpg\" \/>\n\t<meta property=\"og:image:width\" content=\"740\" \/>\n\t<meta property=\"og:image:height\" content=\"1080\" \/>\n\t<meta property=\"og:image:type\" content=\"image\/jpeg\" \/>\n<meta name=\"twitter:card\" content=\"summary_large_image\" \/>\n<script type=\"application\/ld+json\" class=\"yoast-schema-graph\">{\"@context\":\"https:\\\/\\\/schema.org\",\"@graph\":[{\"@type\":\"WebPage\",\"@id\":\"https:\\\/\\\/wczasy.flt.krasnik.pl\\\/?page_id=54\",\"url\":\"https:\\\/\\\/wczasy.flt.krasnik.pl\\\/?page_id=54\",\"name\":\"O\u015brodek wczasowy w Muszynie - O\u015brodki wczasowe\",\"isPartOf\":{\"@id\":\"https:\\\/\\\/wczasy.flt.krasnik.pl\\\/#website\"},\"primaryImageOfPage\":{\"@id\":\"https:\\\/\\\/wczasy.flt.krasnik.pl\\\/?page_id=54#primaryimage\"},\"image\":{\"@id\":\"https:\\\/\\\/wczasy.flt.krasnik.pl\\\/?page_id=54#primaryimage\"},\"thumbnailUrl\":\"https:\\\/\\\/wczasy.flt.krasnik.pl\\\/wp-content\\\/uploads\\\/2019\\\/11\\\/Krasniczanka_006-206x300.jpg\",\"datePublished\":\"2019-11-07T11:21:50+00:00\",\"dateModified\":\"2019-11-26T08:42:29+00:00\",\"breadcrumb\":{\"@id\":\"https:\\\/\\\/wczasy.flt.krasnik.pl\\\/?page_id=54#breadcrumb\"},\"inLanguage\":\"pl-PL\",\"potentialAction\":[{\"@type\":\"ReadAction\",\"target\":[\"https:\\\/\\\/wczasy.flt.krasnik.pl\\\/?page_id=54\"]}]},{\"@type\":\"ImageObject\",\"inLanguage\":\"pl-PL\",\"@id\":\"https:\\\/\\\/wczasy.flt.krasnik.pl\\\/?page_id=54#primaryimage\",\"url\":\"https:\\\/\\\/wczasy.flt.krasnik.pl\\\/wp-content\\\/uploads\\\/2019\\\/11\\\/Krasniczanka_006.jpg\",\"contentUrl\":\"https:\\\/\\\/wczasy.flt.krasnik.pl\\\/wp-content\\\/uploads\\\/2019\\\/11\\\/Krasniczanka_006.jpg\",\"width\":740,\"height\":1080},{\"@type\":\"BreadcrumbList\",\"@id\":\"https:\\\/\\\/wczasy.flt.krasnik.pl\\\/?page_id=54#breadcrumb\",\"itemListElement\":[{\"@type\":\"ListItem\",\"position\":1,\"name\":\"Strona g\u0142\u00f3wna\",\"item\":\"https:\\\/\\\/wczasy.flt.krasnik.pl\\\/\"},{\"@type\":\"ListItem\",\"position\":2,\"name\":\"O\u015brodek wczasowy w Muszynie\"}]},{\"@type\":\"WebSite\",\"@id\":\"https:\\\/\\\/wczasy.flt.krasnik.pl\\\/#website\",\"url\":\"https:\\\/\\\/wczasy.flt.krasnik.pl\\\/\",\"name\":\"O\u015brodki wczasowe\",\"description\":\"F\u0141T - Kra\u015bnik S.A.\",\"publisher\":{\"@id\":\"https:\\\/\\\/wczasy.flt.krasnik.pl\\\/#organization\"},\"potentialAction\":[{\"@type\":\"SearchAction\",\"target\":{\"@type\":\"EntryPoint\",\"urlTemplate\":\"https:\\\/\\\/wczasy.flt.krasnik.pl\\\/?s={search_term_string}\"},\"query-input\":{\"@type\":\"PropertyValueSpecification\",\"valueRequired\":true,\"valueName\":\"search_term_string\"}}],\"inLanguage\":\"pl-PL\"},{\"@type\":\"Organization\",\"@id\":\"https:\\\/\\\/wczasy.flt.krasnik.pl\\\/#organization\",\"name\":\"Fabryka \u0141o\u017cysk Tocznych - Kra\u015bnik SA\",\"url\":\"https:\\\/\\\/wczasy.flt.krasnik.pl\\\/\",\"logo\":{\"@type\":\"ImageObject\",\"inLanguage\":\"pl-PL\",\"@id\":\"https:\\\/\\\/wczasy.flt.krasnik.pl\\\/#\\\/schema\\\/logo\\\/image\\\/\",\"url\":\"https:\\\/\\\/wczasy.flt.krasnik.pl\\\/wp-content\\\/uploads\\\/2019\\\/11\\\/cropped-logo2.jpg\",\"contentUrl\":\"https:\\\/\\\/wczasy.flt.krasnik.pl\\\/wp-content\\\/uploads\\\/2019\\\/11\\\/cropped-logo2.jpg\",\"width\":282,\"height\":282,\"caption\":\"Fabryka \u0141o\u017cysk Tocznych - Kra\u015bnik SA\"},\"image\":{\"@id\":\"https:\\\/\\\/wczasy.flt.krasnik.pl\\\/#\\\/schema\\\/logo\\\/image\\\/\"},\"sameAs\":[\"https:\\\/\\\/www.facebook.com\\\/people\\\/FT-Kranik-SA\\\/100063997297542\\\/#\"]}]}<\/script>\n<!-- \/ Yoast SEO plugin. -->","yoast_head_json":{"title":"O\u015brodek wczasowy w Muszynie - O\u015brodki wczasowe","robots":{"index":"index","follow":"follow","max-snippet":"max-snippet:-1","max-image-preview":"max-image-preview:large","max-video-preview":"max-video-preview:-1"},"canonical":"https:\/\/wczasy.flt.krasnik.pl\/?page_id=54","og_locale":"pl_PL","og_type":"article","og_title":"O\u015brodek wczasowy w Muszynie - O\u015brodki wczasowe","og_url":"https:\/\/wczasy.flt.krasnik.pl\/?page_id=54","og_site_name":"O\u015brodki wczasowe","article_publisher":"https:\/\/www.facebook.com\/people\/FT-Kranik-SA\/100063997297542\/#","article_modified_time":"2019-11-26T08:42:29+00:00","og_image":[{"width":740,"height":1080,"url":"https:\/\/wczasy.flt.krasnik.pl\/wp-content\/uploads\/2019\/11\/Krasniczanka_006.jpg","type":"image\/jpeg"}],"twitter_card":"summary_large_image","schema":{"@context":"https:\/\/schema.org","@graph":[{"@type":"WebPage","@id":"https:\/\/wczasy.flt.krasnik.pl\/?page_id=54","url":"https:\/\/wczasy.flt.krasnik.pl\/?page_id=54","name":"O\u015brodek wczasowy w Muszynie - O\u015brodki wczasowe","isPartOf":{"@id":"https:\/\/wczasy.flt.krasnik.pl\/#website"},"primaryImageOfPage":{"@id":"https:\/\/wczasy.flt.krasnik.pl\/?page_id=54#primaryimage"},"image":{"@id":"https:\/\/wczasy.flt.krasnik.pl\/?page_id=54#primaryimage"},"thumbnailUrl":"https:\/\/wczasy.flt.krasnik.pl\/wp-content\/uploads\/2019\/11\/Krasniczanka_006-206x300.jpg","datePublished":"2019-11-07T11:21:50+00:00","dateModified":"2019-11-26T08:42:29+00:00","breadcrumb":{"@id":"https:\/\/wczasy.flt.krasnik.pl\/?page_id=54#breadcrumb"},"inLanguage":"pl-PL","potentialAction":[{"@type":"ReadAction","target":["https:\/\/wczasy.flt.krasnik.pl\/?page_id=54"]}]},{"@type":"ImageObject","inLanguage":"pl-PL","@id":"https:\/\/wczasy.flt.krasnik.pl\/?page_id=54#primaryimage","url":"https:\/\/wczasy.flt.krasnik.pl\/wp-content\/uploads\/2019\/11\/Krasniczanka_006.jpg","contentUrl":"https:\/\/wczasy.flt.krasnik.pl\/wp-content\/uploads\/2019\/11\/Krasniczanka_006.jpg","width":740,"height":1080},{"@type":"BreadcrumbList","@id":"https:\/\/wczasy.flt.krasnik.pl\/?page_id=54#breadcrumb","itemListElement":[{"@type":"ListItem","position":1,"name":"Strona g\u0142\u00f3wna","item":"https:\/\/wczasy.flt.krasnik.pl\/"},{"@type":"ListItem","position":2,"name":"O\u015brodek wczasowy w Muszynie"}]},{"@type":"WebSite","@id":"https:\/\/wczasy.flt.krasnik.pl\/#website","url":"https:\/\/wczasy.flt.krasnik.pl\/","name":"O\u015brodki wczasowe","description":"F\u0141T - Kra\u015bnik S.A.","publisher":{"@id":"https:\/\/wczasy.flt.krasnik.pl\/#organization"},"potentialAction":[{"@type":"SearchAction","target":{"@type":"EntryPoint","urlTemplate":"https:\/\/wczasy.flt.krasnik.pl\/?s={search_term_string}"},"query-input":{"@type":"PropertyValueSpecification","valueRequired":true,"valueName":"search_term_string"}}],"inLanguage":"pl-PL"},{"@type":"Organization","@id":"https:\/\/wczasy.flt.krasnik.pl\/#organization","name":"Fabryka \u0141o\u017cysk Tocznych - Kra\u015bnik SA","url":"https:\/\/wczasy.flt.krasnik.pl\/","logo":{"@type":"ImageObject","inLanguage":"pl-PL","@id":"https:\/\/wczasy.flt.krasnik.pl\/#\/schema\/logo\/image\/","url":"https:\/\/wczasy.flt.krasnik.pl\/wp-content\/uploads\/2019\/11\/cropped-logo2.jpg","contentUrl":"https:\/\/wczasy.flt.krasnik.pl\/wp-content\/uploads\/2019\/11\/cropped-logo2.jpg","width":282,"height":282,"caption":"Fabryka \u0141o\u017cysk Tocznych - Kra\u015bnik SA"},"image":{"@id":"https:\/\/wczasy.flt.krasnik.pl\/#\/schema\/logo\/image\/"},"sameAs":["https:\/\/www.facebook.com\/people\/FT-Kranik-SA\/100063997297542\/#"]}]}},"_links":{"self":[{"href":"https:\/\/wczasy.flt.krasnik.pl\/index.php?rest_route=\/wp\/v2\/pages\/54","targetHints":{"allow":["GET"]}}],"collection":[{"href":"https:\/\/wczasy.flt.krasnik.pl\/index.php?rest_route=\/wp\/v2\/pages"}],"about":[{"href":"https:\/\/wczasy.flt.krasnik.pl\/index.php?rest_route=\/wp\/v2\/types\/page"}],"author":[{"embeddable":true,"href":"https:\/\/wczasy.flt.krasnik.pl\/index.php?rest_route=\/wp\/v2\/users\/3"}],"replies":[{"embeddable":true,"href":"https:\/\/wczasy.flt.krasnik.pl\/index.php?rest_route=%2Fwp%2Fv2%2Fcomments&post=54"}],"version-history":[{"count":20,"href":"https:\/\/wczasy.flt.krasnik.pl\/index.php?rest_route=\/wp\/v2\/pages\/54\/revisions"}],"predecessor-version":[{"id":573,"href":"https:\/\/wczasy.flt.krasnik.pl\/index.php?rest_route=\/wp\/v2\/pages\/54\/revisions\/573"}],"wp:attachment":[{"href":"https:\/\/wczasy.flt.krasnik.pl\/index.php?rest_route=%2Fwp%2Fv2%2Fmedia&parent=54"}],"curies":[{"name":"wp","href":"https:\/\/api.w.org\/{rel}","templated":true}]}}