{"id":457,"date":"2019-11-14T23:37:58","date_gmt":"2019-11-14T22:37:58","guid":{"rendered":"https:\/\/wczasy.flt.krasnik.pl\/?page_id=457"},"modified":"2019-11-14T23:39:09","modified_gmt":"2019-11-14T22:39:09","slug":"atrakcje-w-gorach","status":"publish","type":"page","link":"https:\/\/wczasy.flt.krasnik.pl\/?page_id=457","title":{"rendered":"Atrakcje w G\u00f3rach"},"content":{"rendered":"<table style=\"border-color: #e3dcdc; background-color: #e3dcdc;\">\n<tbody>\n<tr>\n<td style=\"border-color: #e3dcdc; background-color: #e3dcdc;\"><div class=\"rl-gallery-container rl-loading rl-pagination-paged\" id=\"rl-gallery-container-1\" data-gallery_id=\"388\"> <h4 class=\"rl-gallery-title\">Atrakcje w G\u00f3rach<\/h4> <div class=\"rl-gallery rl-basicgrid-gallery rl-hover-effect-1\" id=\"rl-gallery-1\" data-gallery_no=\"1\"> <div class=\"rl-gallery-item\"><a href=\"https:\/\/wczasy.flt.krasnik.pl\/wp-content\/uploads\/2019\/11\/atrakcje_007.jpg\" title=\"atrakcje_007\" data-rl_title=\"atrakcje_007\" class=\"rl-gallery-link\" data-rl_caption=\"\" data-rel=\"lightbox-gallery-1\"><img loading=\"lazy\" decoding=\"async\" src=\"https:\/\/wczasy.flt.krasnik.pl\/wp-content\/uploads\/2019\/11\/atrakcje_007-200x200.jpg\" width=\"200\" height=\"200\" alt=\"\" \/><span class=\"rl-gallery-caption\"><span class=\"rl-gallery-item-title\">atrakcje_007<\/span><\/span><\/a><\/div><div class=\"rl-gallery-item\"><a href=\"https:\/\/wczasy.flt.krasnik.pl\/wp-content\/uploads\/2019\/11\/atrakcje_008.jpg\" title=\"atrakcje_008\" data-rl_title=\"atrakcje_008\" class=\"rl-gallery-link\" data-rl_caption=\"\" data-rel=\"lightbox-gallery-1\"><img loading=\"lazy\" decoding=\"async\" src=\"https:\/\/wczasy.flt.krasnik.pl\/wp-content\/uploads\/2019\/11\/atrakcje_008-200x200.jpg\" width=\"200\" height=\"200\" alt=\"\" \/><span class=\"rl-gallery-caption\"><span class=\"rl-gallery-item-title\">atrakcje_008<\/span><\/span><\/a><\/div><div class=\"rl-gallery-item\"><a href=\"https:\/\/wczasy.flt.krasnik.pl\/wp-content\/uploads\/2019\/11\/atrakcje_009.jpg\" title=\"Wie\u017ca widokowa\" data-rl_title=\"Wie\u017ca widokowa\" class=\"rl-gallery-link\" data-rl_caption=\"\" data-rel=\"lightbox-gallery-1\"><img loading=\"lazy\" decoding=\"async\" src=\"https:\/\/wczasy.flt.krasnik.pl\/wp-content\/uploads\/2019\/11\/atrakcje_009-200x200.jpg\" width=\"200\" height=\"200\" alt=\"\" \/><span class=\"rl-gallery-caption\"><span class=\"rl-gallery-item-title\">Wie\u017ca widokowa<\/span><\/span><\/a><\/div><div class=\"rl-gallery-item\"><a href=\"https:\/\/wczasy.flt.krasnik.pl\/wp-content\/uploads\/2019\/11\/atrakcje_010.jpg\" title=\"atrakcje_010\" data-rl_title=\"atrakcje_010\" class=\"rl-gallery-link\" data-rl_caption=\"\" data-rel=\"lightbox-gallery-1\"><img loading=\"lazy\" decoding=\"async\" src=\"https:\/\/wczasy.flt.krasnik.pl\/wp-content\/uploads\/2019\/11\/atrakcje_010-200x200.jpg\" width=\"200\" height=\"200\" alt=\"\" \/><span class=\"rl-gallery-caption\"><span class=\"rl-gallery-item-title\">atrakcje_010<\/span><\/span><\/a><\/div><div class=\"rl-gallery-item\"><a href=\"https:\/\/wczasy.flt.krasnik.pl\/wp-content\/uploads\/2019\/11\/atrakcje_011.jpg\" title=\"atrakcje_011\" data-rl_title=\"atrakcje_011\" class=\"rl-gallery-link\" data-rl_caption=\"\" data-rel=\"lightbox-gallery-1\"><img loading=\"lazy\" decoding=\"async\" src=\"https:\/\/wczasy.flt.krasnik.pl\/wp-content\/uploads\/2019\/11\/atrakcje_011-200x200.jpg\" width=\"200\" height=\"200\" alt=\"\" \/><span class=\"rl-gallery-caption\"><span class=\"rl-gallery-item-title\">atrakcje_011<\/span><\/span><\/a><\/div><div class=\"rl-gallery-item\"><a href=\"https:\/\/wczasy.flt.krasnik.pl\/wp-content\/uploads\/2019\/11\/atrakcje_012.jpg\" title=\"atrakcje_012\" data-rl_title=\"atrakcje_012\" class=\"rl-gallery-link\" data-rl_caption=\"\" data-rel=\"lightbox-gallery-1\"><img loading=\"lazy\" decoding=\"async\" src=\"https:\/\/wczasy.flt.krasnik.pl\/wp-content\/uploads\/2019\/11\/atrakcje_012-200x200.jpg\" width=\"200\" height=\"200\" alt=\"\" \/><span class=\"rl-gallery-caption\"><span class=\"rl-gallery-item-title\">atrakcje_012<\/span><\/span><\/a><\/div><div class=\"rl-gallery-item\"><a href=\"https:\/\/wczasy.flt.krasnik.pl\/wp-content\/uploads\/2019\/11\/atrakcje_013.jpg\" title=\"atrakcje_013\" data-rl_title=\"atrakcje_013\" class=\"rl-gallery-link\" data-rl_caption=\"\" data-rel=\"lightbox-gallery-1\"><img loading=\"lazy\" decoding=\"async\" src=\"https:\/\/wczasy.flt.krasnik.pl\/wp-content\/uploads\/2019\/11\/atrakcje_013-200x200.jpg\" width=\"200\" height=\"200\" alt=\"\" \/><span class=\"rl-gallery-caption\"><span class=\"rl-gallery-item-title\">atrakcje_013<\/span><\/span><\/a><\/div><div class=\"rl-gallery-item\"><a href=\"https:\/\/wczasy.flt.krasnik.pl\/wp-content\/uploads\/2019\/11\/atrakcje_014.jpg\" title=\"Wie\u017ca widokowa\" data-rl_title=\"Wie\u017ca widokowa\" class=\"rl-gallery-link\" data-rl_caption=\"Pierwsza w Polsce Wie\u017ca widokowa ze \u015bcie\u017ck\u0105 przyrodniczo-edukacyjn\u0105 w koronach drzew o unikalnej, drewnianej konstrukcji.\" data-rel=\"lightbox-gallery-1\"><img loading=\"lazy\" decoding=\"async\" src=\"https:\/\/wczasy.flt.krasnik.pl\/wp-content\/uploads\/2019\/11\/atrakcje_014-200x200.jpg\" width=\"200\" height=\"200\" alt=\"\" \/><span class=\"rl-gallery-caption\"><span class=\"rl-gallery-item-title\">Wie\u017ca widokowa<\/span><span class=\"rl-gallery-item-caption\">Pierwsza w Polsce Wie\u017ca widokowa ze \u015bcie\u017ck\u0105 przyrodniczo-edukacyjn\u0105 w koronach drzew o unikalnej, drewnianej konstrukcji.<\/span><\/span><\/a><\/div><div class=\"rl-gallery-item\"><a href=\"https:\/\/wczasy.flt.krasnik.pl\/wp-content\/uploads\/2019\/11\/atrakcje_015.jpg\" title=\"atrakcje_015\" data-rl_title=\"atrakcje_015\" class=\"rl-gallery-link\" data-rl_caption=\"\" data-rel=\"lightbox-gallery-1\"><img loading=\"lazy\" decoding=\"async\" src=\"https:\/\/wczasy.flt.krasnik.pl\/wp-content\/uploads\/2019\/11\/atrakcje_015-200x200.jpg\" width=\"200\" height=\"200\" alt=\"\" \/><span class=\"rl-gallery-caption\"><span class=\"rl-gallery-item-title\">atrakcje_015<\/span><\/span><\/a><\/div><div class=\"rl-gallery-item\"><a href=\"https:\/\/wczasy.flt.krasnik.pl\/wp-content\/uploads\/2019\/11\/atrakcje_016.jpg\" title=\"atrakcje_016\" data-rl_title=\"atrakcje_016\" class=\"rl-gallery-link\" data-rl_caption=\"\" data-rel=\"lightbox-gallery-1\"><img loading=\"lazy\" decoding=\"async\" src=\"https:\/\/wczasy.flt.krasnik.pl\/wp-content\/uploads\/2019\/11\/atrakcje_016-200x200.jpg\" width=\"200\" height=\"200\" alt=\"\" \/><span class=\"rl-gallery-caption\"><span class=\"rl-gallery-item-title\">atrakcje_016<\/span><\/span><\/a><\/div><div class=\"rl-gallery-item\"><a href=\"https:\/\/wczasy.flt.krasnik.pl\/wp-content\/uploads\/2019\/11\/atrakcje_017.jpg\" title=\"atrakcje_017\" data-rl_title=\"atrakcje_017\" class=\"rl-gallery-link\" data-rl_caption=\"\" data-rel=\"lightbox-gallery-1\"><img loading=\"lazy\" decoding=\"async\" src=\"https:\/\/wczasy.flt.krasnik.pl\/wp-content\/uploads\/2019\/11\/atrakcje_017-200x200.jpg\" width=\"200\" height=\"200\" alt=\"\" \/><span class=\"rl-gallery-caption\"><span class=\"rl-gallery-item-title\">atrakcje_017<\/span><\/span><\/a><\/div><div class=\"rl-gallery-item\"><a href=\"https:\/\/wczasy.flt.krasnik.pl\/wp-content\/uploads\/2019\/11\/atrakcje_018.jpg\" title=\"atrakcje_018\" data-rl_title=\"atrakcje_018\" class=\"rl-gallery-link\" data-rl_caption=\"\" data-rel=\"lightbox-gallery-1\"><img loading=\"lazy\" decoding=\"async\" src=\"https:\/\/wczasy.flt.krasnik.pl\/wp-content\/uploads\/2019\/11\/atrakcje_018-200x200.jpg\" width=\"200\" height=\"200\" alt=\"\" \/><span class=\"rl-gallery-caption\"><span class=\"rl-gallery-item-title\">atrakcje_018<\/span><\/span><\/a><\/div><div class=\"rl-gallery-item\"><a href=\"https:\/\/wczasy.flt.krasnik.pl\/wp-content\/uploads\/2019\/11\/atrakcje_019.jpg\" title=\"atrakcje_019\" data-rl_title=\"atrakcje_019\" class=\"rl-gallery-link\" data-rl_caption=\"\" data-rel=\"lightbox-gallery-1\"><img loading=\"lazy\" decoding=\"async\" src=\"https:\/\/wczasy.flt.krasnik.pl\/wp-content\/uploads\/2019\/11\/atrakcje_019-200x200.jpg\" width=\"200\" height=\"200\" alt=\"\" \/><span class=\"rl-gallery-caption\"><span class=\"rl-gallery-item-title\">atrakcje_019<\/span><\/span><\/a><\/div><div class=\"rl-gallery-item\"><a href=\"https:\/\/wczasy.flt.krasnik.pl\/wp-content\/uploads\/2019\/11\/atrakcje_020.jpg\" title=\"atrakcje_020\" data-rl_title=\"atrakcje_020\" class=\"rl-gallery-link\" data-rl_caption=\"\" data-rel=\"lightbox-gallery-1\"><img loading=\"lazy\" decoding=\"async\" src=\"https:\/\/wczasy.flt.krasnik.pl\/wp-content\/uploads\/2019\/11\/atrakcje_020-200x200.jpg\" width=\"200\" height=\"200\" alt=\"\" \/><span class=\"rl-gallery-caption\"><span class=\"rl-gallery-item-title\">atrakcje_020<\/span><\/span><\/a><\/div><div class=\"rl-gallery-item\"><a href=\"https:\/\/wczasy.flt.krasnik.pl\/wp-content\/uploads\/2019\/11\/atrakcje_021.jpg\" title=\"atrakcje_021\" data-rl_title=\"atrakcje_021\" class=\"rl-gallery-link\" data-rl_caption=\"\" data-rel=\"lightbox-gallery-1\"><img loading=\"lazy\" decoding=\"async\" src=\"https:\/\/wczasy.flt.krasnik.pl\/wp-content\/uploads\/2019\/11\/atrakcje_021-200x200.jpg\" width=\"200\" height=\"200\" alt=\"\" \/><span class=\"rl-gallery-caption\"><span class=\"rl-gallery-item-title\">atrakcje_021<\/span><\/span><\/a><\/div> <\/div> <div class=\"rl-gallery-description\"><\/div><div class=\"rl-pagination rl-pagination-bottom\"><span aria-current=\"page\" class=\"page-numbers current\">1<\/span> <a class=\"page-numbers\" href=\"https:\/\/wczasy.flt.krasnik.pl?rl_gallery_no=1&#038;rl_page=2&#038;rest_route=%2Fwp%2Fv2%2Fpages%2F457\">2<\/a> <a class=\"page-numbers\" href=\"https:\/\/wczasy.flt.krasnik.pl?rl_gallery_no=1&#038;rl_page=3&#038;rest_route=%2Fwp%2Fv2%2Fpages%2F457\">3<\/a> <span class=\"page-numbers dots\">&hellip;<\/span> <a class=\"page-numbers\" href=\"https:\/\/wczasy.flt.krasnik.pl?rl_gallery_no=1&#038;rl_page=5&#038;rest_route=%2Fwp%2Fv2%2Fpages%2F457\">5<\/a> <a class=\"next page-numbers\" href=\"https:\/\/wczasy.flt.krasnik.pl?rl_gallery_no=1&#038;rl_page=2&#038;rest_route=%2Fwp%2Fv2%2Fpages%2F457\">Nast\u0119pny &raquo;<\/a><\/div> <\/div><\/td>\n<\/tr>\n<\/tbody>\n<\/table>\n","protected":false},"excerpt":{"rendered":"","protected":false},"author":3,"featured_media":0,"parent":0,"menu_order":0,"comment_status":"closed","ping_status":"closed","template":"","meta":{"footnotes":""},"class_list":["post-457","page","type-page","status-publish","hentry"],"yoast_head":"<!-- This site is optimized with the Yoast SEO plugin v27.4 - https:\/\/yoast.com\/product\/yoast-seo-wordpress\/ -->\n<title>Atrakcje w G\u00f3rach - O\u015brodki wczasowe<\/title>\n<meta name=\"robots\" content=\"index, follow, max-snippet:-1, max-image-preview:large, max-video-preview:-1\" \/>\n<link rel=\"canonical\" href=\"https:\/\/wczasy.flt.krasnik.pl\/?page_id=457\" \/>\n<meta property=\"og:locale\" content=\"pl_PL\" \/>\n<meta property=\"og:type\" content=\"article\" \/>\n<meta property=\"og:title\" content=\"Atrakcje w G\u00f3rach - O\u015brodki wczasowe\" \/>\n<meta property=\"og:url\" content=\"https:\/\/wczasy.flt.krasnik.pl\/?page_id=457\" \/>\n<meta property=\"og:site_name\" content=\"O\u015brodki wczasowe\" \/>\n<meta property=\"article:publisher\" content=\"https:\/\/www.facebook.com\/people\/FT-Kranik-SA\/100063997297542\/#\" \/>\n<meta property=\"article:modified_time\" content=\"2019-11-14T22:39:09+00:00\" \/>\n<meta name=\"twitter:card\" content=\"summary_large_image\" \/>\n<script type=\"application\/ld+json\" class=\"yoast-schema-graph\">{\"@context\":\"https:\\\/\\\/schema.org\",\"@graph\":[{\"@type\":\"WebPage\",\"@id\":\"https:\\\/\\\/wczasy.flt.krasnik.pl\\\/?page_id=457\",\"url\":\"https:\\\/\\\/wczasy.flt.krasnik.pl\\\/?page_id=457\",\"name\":\"Atrakcje w G\u00f3rach - O\u015brodki wczasowe\",\"isPartOf\":{\"@id\":\"https:\\\/\\\/wczasy.flt.krasnik.pl\\\/#website\"},\"datePublished\":\"2019-11-14T22:37:58+00:00\",\"dateModified\":\"2019-11-14T22:39:09+00:00\",\"breadcrumb\":{\"@id\":\"https:\\\/\\\/wczasy.flt.krasnik.pl\\\/?page_id=457#breadcrumb\"},\"inLanguage\":\"pl-PL\",\"potentialAction\":[{\"@type\":\"ReadAction\",\"target\":[\"https:\\\/\\\/wczasy.flt.krasnik.pl\\\/?page_id=457\"]}]},{\"@type\":\"BreadcrumbList\",\"@id\":\"https:\\\/\\\/wczasy.flt.krasnik.pl\\\/?page_id=457#breadcrumb\",\"itemListElement\":[{\"@type\":\"ListItem\",\"position\":1,\"name\":\"Strona g\u0142\u00f3wna\",\"item\":\"https:\\\/\\\/wczasy.flt.krasnik.pl\\\/\"},{\"@type\":\"ListItem\",\"position\":2,\"name\":\"Atrakcje w G\u00f3rach\"}]},{\"@type\":\"WebSite\",\"@id\":\"https:\\\/\\\/wczasy.flt.krasnik.pl\\\/#website\",\"url\":\"https:\\\/\\\/wczasy.flt.krasnik.pl\\\/\",\"name\":\"O\u015brodki wczasowe\",\"description\":\"F\u0141T - Kra\u015bnik S.A.\",\"publisher\":{\"@id\":\"https:\\\/\\\/wczasy.flt.krasnik.pl\\\/#organization\"},\"potentialAction\":[{\"@type\":\"SearchAction\",\"target\":{\"@type\":\"EntryPoint\",\"urlTemplate\":\"https:\\\/\\\/wczasy.flt.krasnik.pl\\\/?s={search_term_string}\"},\"query-input\":{\"@type\":\"PropertyValueSpecification\",\"valueRequired\":true,\"valueName\":\"search_term_string\"}}],\"inLanguage\":\"pl-PL\"},{\"@type\":\"Organization\",\"@id\":\"https:\\\/\\\/wczasy.flt.krasnik.pl\\\/#organization\",\"name\":\"Fabryka \u0141o\u017cysk Tocznych - Kra\u015bnik SA\",\"url\":\"https:\\\/\\\/wczasy.flt.krasnik.pl\\\/\",\"logo\":{\"@type\":\"ImageObject\",\"inLanguage\":\"pl-PL\",\"@id\":\"https:\\\/\\\/wczasy.flt.krasnik.pl\\\/#\\\/schema\\\/logo\\\/image\\\/\",\"url\":\"https:\\\/\\\/wczasy.flt.krasnik.pl\\\/wp-content\\\/uploads\\\/2019\\\/11\\\/cropped-logo2.jpg\",\"contentUrl\":\"https:\\\/\\\/wczasy.flt.krasnik.pl\\\/wp-content\\\/uploads\\\/2019\\\/11\\\/cropped-logo2.jpg\",\"width\":282,\"height\":282,\"caption\":\"Fabryka \u0141o\u017cysk Tocznych - Kra\u015bnik SA\"},\"image\":{\"@id\":\"https:\\\/\\\/wczasy.flt.krasnik.pl\\\/#\\\/schema\\\/logo\\\/image\\\/\"},\"sameAs\":[\"https:\\\/\\\/www.facebook.com\\\/people\\\/FT-Kranik-SA\\\/100063997297542\\\/#\"]}]}<\/script>\n<!-- \/ Yoast SEO plugin. -->","yoast_head_json":{"title":"Atrakcje w G\u00f3rach - O\u015brodki wczasowe","robots":{"index":"index","follow":"follow","max-snippet":"max-snippet:-1","max-image-preview":"max-image-preview:large","max-video-preview":"max-video-preview:-1"},"canonical":"https:\/\/wczasy.flt.krasnik.pl\/?page_id=457","og_locale":"pl_PL","og_type":"article","og_title":"Atrakcje w G\u00f3rach - O\u015brodki wczasowe","og_url":"https:\/\/wczasy.flt.krasnik.pl\/?page_id=457","og_site_name":"O\u015brodki wczasowe","article_publisher":"https:\/\/www.facebook.com\/people\/FT-Kranik-SA\/100063997297542\/#","article_modified_time":"2019-11-14T22:39:09+00:00","twitter_card":"summary_large_image","schema":{"@context":"https:\/\/schema.org","@graph":[{"@type":"WebPage","@id":"https:\/\/wczasy.flt.krasnik.pl\/?page_id=457","url":"https:\/\/wczasy.flt.krasnik.pl\/?page_id=457","name":"Atrakcje w G\u00f3rach - O\u015brodki wczasowe","isPartOf":{"@id":"https:\/\/wczasy.flt.krasnik.pl\/#website"},"datePublished":"2019-11-14T22:37:58+00:00","dateModified":"2019-11-14T22:39:09+00:00","breadcrumb":{"@id":"https:\/\/wczasy.flt.krasnik.pl\/?page_id=457#breadcrumb"},"inLanguage":"pl-PL","potentialAction":[{"@type":"ReadAction","target":["https:\/\/wczasy.flt.krasnik.pl\/?page_id=457"]}]},{"@type":"BreadcrumbList","@id":"https:\/\/wczasy.flt.krasnik.pl\/?page_id=457#breadcrumb","itemListElement":[{"@type":"ListItem","position":1,"name":"Strona g\u0142\u00f3wna","item":"https:\/\/wczasy.flt.krasnik.pl\/"},{"@type":"ListItem","position":2,"name":"Atrakcje w G\u00f3rach"}]},{"@type":"WebSite","@id":"https:\/\/wczasy.flt.krasnik.pl\/#website","url":"https:\/\/wczasy.flt.krasnik.pl\/","name":"O\u015brodki wczasowe","description":"F\u0141T - Kra\u015bnik S.A.","publisher":{"@id":"https:\/\/wczasy.flt.krasnik.pl\/#organization"},"potentialAction":[{"@type":"SearchAction","target":{"@type":"EntryPoint","urlTemplate":"https:\/\/wczasy.flt.krasnik.pl\/?s={search_term_string}"},"query-input":{"@type":"PropertyValueSpecification","valueRequired":true,"valueName":"search_term_string"}}],"inLanguage":"pl-PL"},{"@type":"Organization","@id":"https:\/\/wczasy.flt.krasnik.pl\/#organization","name":"Fabryka \u0141o\u017cysk Tocznych - Kra\u015bnik SA","url":"https:\/\/wczasy.flt.krasnik.pl\/","logo":{"@type":"ImageObject","inLanguage":"pl-PL","@id":"https:\/\/wczasy.flt.krasnik.pl\/#\/schema\/logo\/image\/","url":"https:\/\/wczasy.flt.krasnik.pl\/wp-content\/uploads\/2019\/11\/cropped-logo2.jpg","contentUrl":"https:\/\/wczasy.flt.krasnik.pl\/wp-content\/uploads\/2019\/11\/cropped-logo2.jpg","width":282,"height":282,"caption":"Fabryka \u0141o\u017cysk Tocznych - Kra\u015bnik SA"},"image":{"@id":"https:\/\/wczasy.flt.krasnik.pl\/#\/schema\/logo\/image\/"},"sameAs":["https:\/\/www.facebook.com\/people\/FT-Kranik-SA\/100063997297542\/#"]}]}},"_links":{"self":[{"href":"https:\/\/wczasy.flt.krasnik.pl\/index.php?rest_route=\/wp\/v2\/pages\/457","targetHints":{"allow":["GET"]}}],"collection":[{"href":"https:\/\/wczasy.flt.krasnik.pl\/index.php?rest_route=\/wp\/v2\/pages"}],"about":[{"href":"https:\/\/wczasy.flt.krasnik.pl\/index.php?rest_route=\/wp\/v2\/types\/page"}],"author":[{"embeddable":true,"href":"https:\/\/wczasy.flt.krasnik.pl\/index.php?rest_route=\/wp\/v2\/users\/3"}],"replies":[{"embeddable":true,"href":"https:\/\/wczasy.flt.krasnik.pl\/index.php?rest_route=%2Fwp%2Fv2%2Fcomments&post=457"}],"version-history":[{"count":2,"href":"https:\/\/wczasy.flt.krasnik.pl\/index.php?rest_route=\/wp\/v2\/pages\/457\/revisions"}],"predecessor-version":[{"id":459,"href":"https:\/\/wczasy.flt.krasnik.pl\/index.php?rest_route=\/wp\/v2\/pages\/457\/revisions\/459"}],"wp:attachment":[{"href":"https:\/\/wczasy.flt.krasnik.pl\/index.php?rest_route=%2Fwp%2Fv2%2Fmedia&parent=457"}],"curies":[{"name":"wp","href":"https:\/\/api.w.org\/{rel}","templated":true}]}}