{"id":188,"date":"2019-11-08T08:29:51","date_gmt":"2019-11-08T07:29:51","guid":{"rendered":"https:\/\/wczasy.flt.krasnik.pl\/?page_id=188"},"modified":"2019-11-27T14:16:55","modified_gmt":"2019-11-27T13:16:55","slug":"kontakt-uniescie","status":"publish","type":"page","link":"https:\/\/wczasy.flt.krasnik.pl\/?page_id=188","title":{"rendered":"Kontakt &#8211; Mielno"},"content":{"rendered":"<table>\n<tbody>\n<tr>\n<td style=\"border-color: #f2eded; background-color: #f2eded; text-align: center;\"><span style=\"font-family: 'times new roman', times, serif; font-size: 16pt;\"><span style=\"font-family: arial, helvetica, sans-serif;\"><img loading=\"lazy\" decoding=\"async\" class=\"size-medium wp-image-549 alignleft\" style=\"font-family: inherit; font-size: inherit;\" src=\"https:\/\/wczasy.flt.krasnik.pl\/wp-content\/uploads\/2019\/11\/PBF0057-300x200.jpg\" alt=\"\" width=\"300\" height=\"200\" srcset=\"https:\/\/wczasy.flt.krasnik.pl\/wp-content\/uploads\/2019\/11\/PBF0057-300x200.jpg 300w, https:\/\/wczasy.flt.krasnik.pl\/wp-content\/uploads\/2019\/11\/PBF0057-1024x683.jpg 1024w, https:\/\/wczasy.flt.krasnik.pl\/wp-content\/uploads\/2019\/11\/PBF0057-768x512.jpg 768w, https:\/\/wczasy.flt.krasnik.pl\/wp-content\/uploads\/2019\/11\/PBF0057-1536x1024.jpg 1536w, https:\/\/wczasy.flt.krasnik.pl\/wp-content\/uploads\/2019\/11\/PBF0057-2048x1365.jpg 2048w, https:\/\/wczasy.flt.krasnik.pl\/wp-content\/uploads\/2019\/11\/PBF0057-500x333.jpg 500w, https:\/\/wczasy.flt.krasnik.pl\/wp-content\/uploads\/2019\/11\/PBF0057-800x533.jpg 800w, https:\/\/wczasy.flt.krasnik.pl\/wp-content\/uploads\/2019\/11\/PBF0057-1280x853.jpg 1280w, https:\/\/wczasy.flt.krasnik.pl\/wp-content\/uploads\/2019\/11\/PBF0057-1920x1280.jpg 1920w\" sizes=\"auto, (max-width: 300px) 100vw, 300px\" \/><\/span><\/span><\/td>\n<td style=\"background-color: #f2eded; border-color: #f2eded; text-align: center;\"><span style=\"font-family: 'times new roman', times, serif; font-size: 16pt;\"><span style=\"font-family: arial, helvetica, sans-serif;\"><strong>\u00a0 \u00a0O\u015brodek Wczasowy F\u0141T-Kra\u015bnik S.A.\u00a0 \u00a0 \u00a0<\/strong><\/span><strong><br \/>\n<\/strong><span style=\"font-size: 14pt; font-family: arial, helvetica, sans-serif;\">ul. Suriana 6\/8<\/span><\/span><br \/>\n<span style=\"font-family: arial, helvetica, sans-serif; font-size: 14pt;\">76-032 Mielno Unie\u015bcie<\/span><br \/>\n<span style=\"font-family: arial, helvetica, sans-serif; font-size: 14pt;\">tel. 94 318 95 80<\/span><br \/>\n<span style=\"font-family: arial, helvetica, sans-serif; font-size: 14pt;\">mobile: 607 802 030<\/span><\/td>\n<td style=\"background-color: #f2eded; border-color: #f2eded; text-align: center;\"><span style=\"font-family: 'times new roman', times, serif; font-size: 16pt;\"><span style=\"font-family: arial, helvetica, sans-serif;\"><strong><img loading=\"lazy\" decoding=\"async\" class=\"alignnone size-medium wp-image-545\" src=\"https:\/\/wczasy.flt.krasnik.pl\/wp-content\/uploads\/2019\/11\/PBF0053-300x200.jpg\" alt=\"\" width=\"300\" height=\"200\" srcset=\"https:\/\/wczasy.flt.krasnik.pl\/wp-content\/uploads\/2019\/11\/PBF0053-300x200.jpg 300w, https:\/\/wczasy.flt.krasnik.pl\/wp-content\/uploads\/2019\/11\/PBF0053-1024x683.jpg 1024w, https:\/\/wczasy.flt.krasnik.pl\/wp-content\/uploads\/2019\/11\/PBF0053-768x512.jpg 768w, https:\/\/wczasy.flt.krasnik.pl\/wp-content\/uploads\/2019\/11\/PBF0053-1536x1024.jpg 1536w, https:\/\/wczasy.flt.krasnik.pl\/wp-content\/uploads\/2019\/11\/PBF0053-2048x1365.jpg 2048w, https:\/\/wczasy.flt.krasnik.pl\/wp-content\/uploads\/2019\/11\/PBF0053-500x333.jpg 500w, https:\/\/wczasy.flt.krasnik.pl\/wp-content\/uploads\/2019\/11\/PBF0053-800x533.jpg 800w, https:\/\/wczasy.flt.krasnik.pl\/wp-content\/uploads\/2019\/11\/PBF0053-1280x853.jpg 1280w, https:\/\/wczasy.flt.krasnik.pl\/wp-content\/uploads\/2019\/11\/PBF0053-1920x1280.jpg 1920w\" sizes=\"auto, (max-width: 300px) 100vw, 300px\" \/><\/strong><\/span><\/span><\/td>\n<\/tr>\n<\/tbody>\n<\/table>\n","protected":false},"excerpt":{"rendered":"<p>\u00a0 \u00a0O\u015brodek Wczasowy F\u0141T-Kra\u015bnik S.A.\u00a0 \u00a0 \u00a0 ul. Suriana 6\/8 76-032 Mielno Unie\u015bcie tel. 94 318 95 80 mobile: 607 802 030<\/p>\n","protected":false},"author":3,"featured_media":0,"parent":0,"menu_order":0,"comment_status":"closed","ping_status":"closed","template":"","meta":{"footnotes":""},"class_list":["post-188","page","type-page","status-publish","hentry"],"yoast_head":"<!-- This site is optimized with the Yoast SEO plugin v27.4 - https:\/\/yoast.com\/product\/yoast-seo-wordpress\/ -->\n<title>Kontakt - Mielno - O\u015brodki wczasowe<\/title>\n<meta name=\"robots\" content=\"index, follow, max-snippet:-1, max-image-preview:large, max-video-preview:-1\" \/>\n<link rel=\"canonical\" href=\"https:\/\/wczasy.flt.krasnik.pl\/?page_id=188\" \/>\n<meta property=\"og:locale\" content=\"pl_PL\" \/>\n<meta property=\"og:type\" content=\"article\" \/>\n<meta property=\"og:title\" content=\"Kontakt - Mielno - O\u015brodki wczasowe\" \/>\n<meta property=\"og:description\" content=\"\u00a0 \u00a0O\u015brodek Wczasowy F\u0141T-Kra\u015bnik S.A.\u00a0 \u00a0 \u00a0 ul. Suriana 6\/8 76-032 Mielno Unie\u015bcie tel. 94 318 95 80 mobile: 607 802 030\" \/>\n<meta property=\"og:url\" content=\"https:\/\/wczasy.flt.krasnik.pl\/?page_id=188\" \/>\n<meta property=\"og:site_name\" content=\"O\u015brodki wczasowe\" \/>\n<meta property=\"article:publisher\" content=\"https:\/\/www.facebook.com\/people\/FT-Kranik-SA\/100063997297542\/#\" \/>\n<meta property=\"article:modified_time\" content=\"2019-11-27T13:16:55+00:00\" \/>\n<meta property=\"og:image\" content=\"https:\/\/wczasy.flt.krasnik.pl\/wp-content\/uploads\/2019\/11\/PBF0057.jpg\" \/>\n\t<meta property=\"og:image:width\" content=\"2400\" \/>\n\t<meta property=\"og:image:height\" content=\"1600\" \/>\n\t<meta property=\"og:image:type\" content=\"image\/jpeg\" \/>\n<meta name=\"twitter:card\" content=\"summary_large_image\" \/>\n<script type=\"application\/ld+json\" class=\"yoast-schema-graph\">{\"@context\":\"https:\\\/\\\/schema.org\",\"@graph\":[{\"@type\":\"WebPage\",\"@id\":\"https:\\\/\\\/wczasy.flt.krasnik.pl\\\/?page_id=188\",\"url\":\"https:\\\/\\\/wczasy.flt.krasnik.pl\\\/?page_id=188\",\"name\":\"Kontakt - Mielno - O\u015brodki wczasowe\",\"isPartOf\":{\"@id\":\"https:\\\/\\\/wczasy.flt.krasnik.pl\\\/#website\"},\"primaryImageOfPage\":{\"@id\":\"https:\\\/\\\/wczasy.flt.krasnik.pl\\\/?page_id=188#primaryimage\"},\"image\":{\"@id\":\"https:\\\/\\\/wczasy.flt.krasnik.pl\\\/?page_id=188#primaryimage\"},\"thumbnailUrl\":\"https:\\\/\\\/wczasy.flt.krasnik.pl\\\/wp-content\\\/uploads\\\/2019\\\/11\\\/PBF0057-300x200.jpg\",\"datePublished\":\"2019-11-08T07:29:51+00:00\",\"dateModified\":\"2019-11-27T13:16:55+00:00\",\"breadcrumb\":{\"@id\":\"https:\\\/\\\/wczasy.flt.krasnik.pl\\\/?page_id=188#breadcrumb\"},\"inLanguage\":\"pl-PL\",\"potentialAction\":[{\"@type\":\"ReadAction\",\"target\":[\"https:\\\/\\\/wczasy.flt.krasnik.pl\\\/?page_id=188\"]}]},{\"@type\":\"ImageObject\",\"inLanguage\":\"pl-PL\",\"@id\":\"https:\\\/\\\/wczasy.flt.krasnik.pl\\\/?page_id=188#primaryimage\",\"url\":\"https:\\\/\\\/wczasy.flt.krasnik.pl\\\/wp-content\\\/uploads\\\/2019\\\/11\\\/PBF0057.jpg\",\"contentUrl\":\"https:\\\/\\\/wczasy.flt.krasnik.pl\\\/wp-content\\\/uploads\\\/2019\\\/11\\\/PBF0057.jpg\",\"width\":2400,\"height\":1600},{\"@type\":\"BreadcrumbList\",\"@id\":\"https:\\\/\\\/wczasy.flt.krasnik.pl\\\/?page_id=188#breadcrumb\",\"itemListElement\":[{\"@type\":\"ListItem\",\"position\":1,\"name\":\"Strona g\u0142\u00f3wna\",\"item\":\"https:\\\/\\\/wczasy.flt.krasnik.pl\\\/\"},{\"@type\":\"ListItem\",\"position\":2,\"name\":\"Kontakt &#8211; Mielno\"}]},{\"@type\":\"WebSite\",\"@id\":\"https:\\\/\\\/wczasy.flt.krasnik.pl\\\/#website\",\"url\":\"https:\\\/\\\/wczasy.flt.krasnik.pl\\\/\",\"name\":\"O\u015brodki wczasowe\",\"description\":\"F\u0141T - Kra\u015bnik S.A.\",\"publisher\":{\"@id\":\"https:\\\/\\\/wczasy.flt.krasnik.pl\\\/#organization\"},\"potentialAction\":[{\"@type\":\"SearchAction\",\"target\":{\"@type\":\"EntryPoint\",\"urlTemplate\":\"https:\\\/\\\/wczasy.flt.krasnik.pl\\\/?s={search_term_string}\"},\"query-input\":{\"@type\":\"PropertyValueSpecification\",\"valueRequired\":true,\"valueName\":\"search_term_string\"}}],\"inLanguage\":\"pl-PL\"},{\"@type\":\"Organization\",\"@id\":\"https:\\\/\\\/wczasy.flt.krasnik.pl\\\/#organization\",\"name\":\"Fabryka \u0141o\u017cysk Tocznych - Kra\u015bnik SA\",\"url\":\"https:\\\/\\\/wczasy.flt.krasnik.pl\\\/\",\"logo\":{\"@type\":\"ImageObject\",\"inLanguage\":\"pl-PL\",\"@id\":\"https:\\\/\\\/wczasy.flt.krasnik.pl\\\/#\\\/schema\\\/logo\\\/image\\\/\",\"url\":\"https:\\\/\\\/wczasy.flt.krasnik.pl\\\/wp-content\\\/uploads\\\/2019\\\/11\\\/cropped-logo2.jpg\",\"contentUrl\":\"https:\\\/\\\/wczasy.flt.krasnik.pl\\\/wp-content\\\/uploads\\\/2019\\\/11\\\/cropped-logo2.jpg\",\"width\":282,\"height\":282,\"caption\":\"Fabryka \u0141o\u017cysk Tocznych - Kra\u015bnik SA\"},\"image\":{\"@id\":\"https:\\\/\\\/wczasy.flt.krasnik.pl\\\/#\\\/schema\\\/logo\\\/image\\\/\"},\"sameAs\":[\"https:\\\/\\\/www.facebook.com\\\/people\\\/FT-Kranik-SA\\\/100063997297542\\\/#\"]}]}<\/script>\n<!-- \/ Yoast SEO plugin. -->","yoast_head_json":{"title":"Kontakt - Mielno - O\u015brodki wczasowe","robots":{"index":"index","follow":"follow","max-snippet":"max-snippet:-1","max-image-preview":"max-image-preview:large","max-video-preview":"max-video-preview:-1"},"canonical":"https:\/\/wczasy.flt.krasnik.pl\/?page_id=188","og_locale":"pl_PL","og_type":"article","og_title":"Kontakt - Mielno - O\u015brodki wczasowe","og_description":"\u00a0 \u00a0O\u015brodek Wczasowy F\u0141T-Kra\u015bnik S.A.\u00a0 \u00a0 \u00a0 ul. Suriana 6\/8 76-032 Mielno Unie\u015bcie tel. 94 318 95 80 mobile: 607 802 030","og_url":"https:\/\/wczasy.flt.krasnik.pl\/?page_id=188","og_site_name":"O\u015brodki wczasowe","article_publisher":"https:\/\/www.facebook.com\/people\/FT-Kranik-SA\/100063997297542\/#","article_modified_time":"2019-11-27T13:16:55+00:00","og_image":[{"width":2400,"height":1600,"url":"https:\/\/wczasy.flt.krasnik.pl\/wp-content\/uploads\/2019\/11\/PBF0057.jpg","type":"image\/jpeg"}],"twitter_card":"summary_large_image","schema":{"@context":"https:\/\/schema.org","@graph":[{"@type":"WebPage","@id":"https:\/\/wczasy.flt.krasnik.pl\/?page_id=188","url":"https:\/\/wczasy.flt.krasnik.pl\/?page_id=188","name":"Kontakt - Mielno - O\u015brodki wczasowe","isPartOf":{"@id":"https:\/\/wczasy.flt.krasnik.pl\/#website"},"primaryImageOfPage":{"@id":"https:\/\/wczasy.flt.krasnik.pl\/?page_id=188#primaryimage"},"image":{"@id":"https:\/\/wczasy.flt.krasnik.pl\/?page_id=188#primaryimage"},"thumbnailUrl":"https:\/\/wczasy.flt.krasnik.pl\/wp-content\/uploads\/2019\/11\/PBF0057-300x200.jpg","datePublished":"2019-11-08T07:29:51+00:00","dateModified":"2019-11-27T13:16:55+00:00","breadcrumb":{"@id":"https:\/\/wczasy.flt.krasnik.pl\/?page_id=188#breadcrumb"},"inLanguage":"pl-PL","potentialAction":[{"@type":"ReadAction","target":["https:\/\/wczasy.flt.krasnik.pl\/?page_id=188"]}]},{"@type":"ImageObject","inLanguage":"pl-PL","@id":"https:\/\/wczasy.flt.krasnik.pl\/?page_id=188#primaryimage","url":"https:\/\/wczasy.flt.krasnik.pl\/wp-content\/uploads\/2019\/11\/PBF0057.jpg","contentUrl":"https:\/\/wczasy.flt.krasnik.pl\/wp-content\/uploads\/2019\/11\/PBF0057.jpg","width":2400,"height":1600},{"@type":"BreadcrumbList","@id":"https:\/\/wczasy.flt.krasnik.pl\/?page_id=188#breadcrumb","itemListElement":[{"@type":"ListItem","position":1,"name":"Strona g\u0142\u00f3wna","item":"https:\/\/wczasy.flt.krasnik.pl\/"},{"@type":"ListItem","position":2,"name":"Kontakt &#8211; Mielno"}]},{"@type":"WebSite","@id":"https:\/\/wczasy.flt.krasnik.pl\/#website","url":"https:\/\/wczasy.flt.krasnik.pl\/","name":"O\u015brodki wczasowe","description":"F\u0141T - Kra\u015bnik S.A.","publisher":{"@id":"https:\/\/wczasy.flt.krasnik.pl\/#organization"},"potentialAction":[{"@type":"SearchAction","target":{"@type":"EntryPoint","urlTemplate":"https:\/\/wczasy.flt.krasnik.pl\/?s={search_term_string}"},"query-input":{"@type":"PropertyValueSpecification","valueRequired":true,"valueName":"search_term_string"}}],"inLanguage":"pl-PL"},{"@type":"Organization","@id":"https:\/\/wczasy.flt.krasnik.pl\/#organization","name":"Fabryka \u0141o\u017cysk Tocznych - Kra\u015bnik SA","url":"https:\/\/wczasy.flt.krasnik.pl\/","logo":{"@type":"ImageObject","inLanguage":"pl-PL","@id":"https:\/\/wczasy.flt.krasnik.pl\/#\/schema\/logo\/image\/","url":"https:\/\/wczasy.flt.krasnik.pl\/wp-content\/uploads\/2019\/11\/cropped-logo2.jpg","contentUrl":"https:\/\/wczasy.flt.krasnik.pl\/wp-content\/uploads\/2019\/11\/cropped-logo2.jpg","width":282,"height":282,"caption":"Fabryka \u0141o\u017cysk Tocznych - Kra\u015bnik SA"},"image":{"@id":"https:\/\/wczasy.flt.krasnik.pl\/#\/schema\/logo\/image\/"},"sameAs":["https:\/\/www.facebook.com\/people\/FT-Kranik-SA\/100063997297542\/#"]}]}},"_links":{"self":[{"href":"https:\/\/wczasy.flt.krasnik.pl\/index.php?rest_route=\/wp\/v2\/pages\/188","targetHints":{"allow":["GET"]}}],"collection":[{"href":"https:\/\/wczasy.flt.krasnik.pl\/index.php?rest_route=\/wp\/v2\/pages"}],"about":[{"href":"https:\/\/wczasy.flt.krasnik.pl\/index.php?rest_route=\/wp\/v2\/types\/page"}],"author":[{"embeddable":true,"href":"https:\/\/wczasy.flt.krasnik.pl\/index.php?rest_route=\/wp\/v2\/users\/3"}],"replies":[{"embeddable":true,"href":"https:\/\/wczasy.flt.krasnik.pl\/index.php?rest_route=%2Fwp%2Fv2%2Fcomments&post=188"}],"version-history":[{"count":33,"href":"https:\/\/wczasy.flt.krasnik.pl\/index.php?rest_route=\/wp\/v2\/pages\/188\/revisions"}],"predecessor-version":[{"id":580,"href":"https:\/\/wczasy.flt.krasnik.pl\/index.php?rest_route=\/wp\/v2\/pages\/188\/revisions\/580"}],"wp:attachment":[{"href":"https:\/\/wczasy.flt.krasnik.pl\/index.php?rest_route=%2Fwp%2Fv2%2Fmedia&parent=188"}],"curies":[{"name":"wp","href":"https:\/\/api.w.org\/{rel}","templated":true}]}}