{"id":186,"date":"2019-11-08T08:29:01","date_gmt":"2019-11-08T07:29:01","guid":{"rendered":"https:\/\/wczasy.flt.krasnik.pl\/?page_id=186"},"modified":"2019-11-15T09:32:48","modified_gmt":"2019-11-15T08:32:48","slug":"kontakt-muszyna","status":"publish","type":"page","link":"https:\/\/wczasy.flt.krasnik.pl\/?page_id=186","title":{"rendered":"Kontakt &#8211; Muszyna"},"content":{"rendered":"<p><img loading=\"lazy\" decoding=\"async\" class=\"size-medium wp-image-56 alignleft\" src=\"https:\/\/wczasy.flt.krasnik.pl\/wp-content\/uploads\/2019\/11\/DSC_0016-300x200.jpg\" alt=\"\" width=\"300\" height=\"200\" \/><\/p>\n<table style=\"border-color: #ded3d3; background-color: #ded3d3; width: 100%;\" border=\"0\" cellspacing=\"0\">\n<tbody>\n<tr>\n<td style=\"font-family: georgia, palatino, serif; border-color: #ded3d3; background-color: #ded3d3; text-align: center;\"><img loading=\"lazy\" decoding=\"async\" class=\"wp-image-210 alignleft\" src=\"https:\/\/wczasy.flt.krasnik.pl\/wp-content\/uploads\/2019\/11\/Krasniczanka_006-206x300.jpg\" alt=\"\" width=\"172\" height=\"250\" srcset=\"https:\/\/wczasy.flt.krasnik.pl\/wp-content\/uploads\/2019\/11\/Krasniczanka_006-206x300.jpg 206w, https:\/\/wczasy.flt.krasnik.pl\/wp-content\/uploads\/2019\/11\/Krasniczanka_006-702x1024.jpg 702w, https:\/\/wczasy.flt.krasnik.pl\/wp-content\/uploads\/2019\/11\/Krasniczanka_006.jpg 740w\" sizes=\"auto, (max-width: 172px) 100vw, 172px\" \/><span style=\"font-family: arial, helvetica, sans-serif; font-size: 16pt;\"><strong>O\u015brodek Wczasowy Kra\u015bniczanka <\/strong><\/span><\/p>\n<p><span style=\"font-family: arial, helvetica, sans-serif; font-size: 14pt;\">ul. Pi\u0142sudskiego 110<\/span><br \/>\n<span style=\"font-family: arial, helvetica, sans-serif; font-size: 14pt;\">33-370 Muszyna<\/span><br \/>\n<span style=\"font-family: arial, helvetica, sans-serif; font-size: 14pt;\">tel. 18 471 42 25<\/span><br \/>\n<span style=\"font-family: arial, helvetica, sans-serif; font-size: 14pt;\">mobile: 534 116 522<\/span><\/td>\n<\/tr>\n<\/tbody>\n<\/table>\n<p>&nbsp;<\/p>\n","protected":false},"excerpt":{"rendered":"<p>O\u015brodek Wczasowy Kra\u015bniczanka ul. Pi\u0142sudskiego 110 33-370 Muszyna tel. 18 471 42 25 mobile: 534 116 522 &nbsp;<\/p>\n","protected":false},"author":3,"featured_media":0,"parent":0,"menu_order":0,"comment_status":"closed","ping_status":"closed","template":"","meta":{"footnotes":""},"class_list":["post-186","page","type-page","status-publish","hentry"],"yoast_head":"<!-- This site is optimized with the Yoast SEO plugin v27.4 - https:\/\/yoast.com\/product\/yoast-seo-wordpress\/ -->\n<title>Kontakt - Muszyna - O\u015brodki wczasowe<\/title>\n<meta name=\"robots\" content=\"index, follow, max-snippet:-1, max-image-preview:large, max-video-preview:-1\" \/>\n<link rel=\"canonical\" href=\"https:\/\/wczasy.flt.krasnik.pl\/?page_id=186\" \/>\n<meta property=\"og:locale\" content=\"pl_PL\" \/>\n<meta property=\"og:type\" content=\"article\" \/>\n<meta property=\"og:title\" content=\"Kontakt - Muszyna - O\u015brodki wczasowe\" \/>\n<meta property=\"og:description\" content=\"O\u015brodek Wczasowy Kra\u015bniczanka ul. Pi\u0142sudskiego 110 33-370 Muszyna tel. 18 471 42 25 mobile: 534 116 522 &nbsp;\" \/>\n<meta property=\"og:url\" content=\"https:\/\/wczasy.flt.krasnik.pl\/?page_id=186\" \/>\n<meta property=\"og:site_name\" content=\"O\u015brodki wczasowe\" \/>\n<meta property=\"article:publisher\" content=\"https:\/\/www.facebook.com\/people\/FT-Kranik-SA\/100063997297542\/#\" \/>\n<meta property=\"article:modified_time\" content=\"2019-11-15T08:32:48+00:00\" \/>\n<meta name=\"twitter:card\" content=\"summary_large_image\" \/>\n<script type=\"application\/ld+json\" class=\"yoast-schema-graph\">{\"@context\":\"https:\\\/\\\/schema.org\",\"@graph\":[{\"@type\":\"WebPage\",\"@id\":\"https:\\\/\\\/wczasy.flt.krasnik.pl\\\/?page_id=186\",\"url\":\"https:\\\/\\\/wczasy.flt.krasnik.pl\\\/?page_id=186\",\"name\":\"Kontakt - Muszyna - O\u015brodki wczasowe\",\"isPartOf\":{\"@id\":\"https:\\\/\\\/wczasy.flt.krasnik.pl\\\/#website\"},\"primaryImageOfPage\":{\"@id\":\"https:\\\/\\\/wczasy.flt.krasnik.pl\\\/?page_id=186#primaryimage\"},\"image\":{\"@id\":\"https:\\\/\\\/wczasy.flt.krasnik.pl\\\/?page_id=186#primaryimage\"},\"thumbnailUrl\":\"https:\\\/\\\/wczasy.flt.krasnik.pl\\\/wp-content\\\/uploads\\\/2019\\\/11\\\/DSC_0016-300x200.jpg\",\"datePublished\":\"2019-11-08T07:29:01+00:00\",\"dateModified\":\"2019-11-15T08:32:48+00:00\",\"breadcrumb\":{\"@id\":\"https:\\\/\\\/wczasy.flt.krasnik.pl\\\/?page_id=186#breadcrumb\"},\"inLanguage\":\"pl-PL\",\"potentialAction\":[{\"@type\":\"ReadAction\",\"target\":[\"https:\\\/\\\/wczasy.flt.krasnik.pl\\\/?page_id=186\"]}]},{\"@type\":\"ImageObject\",\"inLanguage\":\"pl-PL\",\"@id\":\"https:\\\/\\\/wczasy.flt.krasnik.pl\\\/?page_id=186#primaryimage\",\"url\":\"\",\"contentUrl\":\"\"},{\"@type\":\"BreadcrumbList\",\"@id\":\"https:\\\/\\\/wczasy.flt.krasnik.pl\\\/?page_id=186#breadcrumb\",\"itemListElement\":[{\"@type\":\"ListItem\",\"position\":1,\"name\":\"Strona g\u0142\u00f3wna\",\"item\":\"https:\\\/\\\/wczasy.flt.krasnik.pl\\\/\"},{\"@type\":\"ListItem\",\"position\":2,\"name\":\"Kontakt &#8211; Muszyna\"}]},{\"@type\":\"WebSite\",\"@id\":\"https:\\\/\\\/wczasy.flt.krasnik.pl\\\/#website\",\"url\":\"https:\\\/\\\/wczasy.flt.krasnik.pl\\\/\",\"name\":\"O\u015brodki wczasowe\",\"description\":\"F\u0141T - Kra\u015bnik S.A.\",\"publisher\":{\"@id\":\"https:\\\/\\\/wczasy.flt.krasnik.pl\\\/#organization\"},\"potentialAction\":[{\"@type\":\"SearchAction\",\"target\":{\"@type\":\"EntryPoint\",\"urlTemplate\":\"https:\\\/\\\/wczasy.flt.krasnik.pl\\\/?s={search_term_string}\"},\"query-input\":{\"@type\":\"PropertyValueSpecification\",\"valueRequired\":true,\"valueName\":\"search_term_string\"}}],\"inLanguage\":\"pl-PL\"},{\"@type\":\"Organization\",\"@id\":\"https:\\\/\\\/wczasy.flt.krasnik.pl\\\/#organization\",\"name\":\"Fabryka \u0141o\u017cysk Tocznych - Kra\u015bnik SA\",\"url\":\"https:\\\/\\\/wczasy.flt.krasnik.pl\\\/\",\"logo\":{\"@type\":\"ImageObject\",\"inLanguage\":\"pl-PL\",\"@id\":\"https:\\\/\\\/wczasy.flt.krasnik.pl\\\/#\\\/schema\\\/logo\\\/image\\\/\",\"url\":\"https:\\\/\\\/wczasy.flt.krasnik.pl\\\/wp-content\\\/uploads\\\/2019\\\/11\\\/cropped-logo2.jpg\",\"contentUrl\":\"https:\\\/\\\/wczasy.flt.krasnik.pl\\\/wp-content\\\/uploads\\\/2019\\\/11\\\/cropped-logo2.jpg\",\"width\":282,\"height\":282,\"caption\":\"Fabryka \u0141o\u017cysk Tocznych - Kra\u015bnik SA\"},\"image\":{\"@id\":\"https:\\\/\\\/wczasy.flt.krasnik.pl\\\/#\\\/schema\\\/logo\\\/image\\\/\"},\"sameAs\":[\"https:\\\/\\\/www.facebook.com\\\/people\\\/FT-Kranik-SA\\\/100063997297542\\\/#\"]}]}<\/script>\n<!-- \/ Yoast SEO plugin. -->","yoast_head_json":{"title":"Kontakt - Muszyna - O\u015brodki wczasowe","robots":{"index":"index","follow":"follow","max-snippet":"max-snippet:-1","max-image-preview":"max-image-preview:large","max-video-preview":"max-video-preview:-1"},"canonical":"https:\/\/wczasy.flt.krasnik.pl\/?page_id=186","og_locale":"pl_PL","og_type":"article","og_title":"Kontakt - Muszyna - O\u015brodki wczasowe","og_description":"O\u015brodek Wczasowy Kra\u015bniczanka ul. Pi\u0142sudskiego 110 33-370 Muszyna tel. 18 471 42 25 mobile: 534 116 522 &nbsp;","og_url":"https:\/\/wczasy.flt.krasnik.pl\/?page_id=186","og_site_name":"O\u015brodki wczasowe","article_publisher":"https:\/\/www.facebook.com\/people\/FT-Kranik-SA\/100063997297542\/#","article_modified_time":"2019-11-15T08:32:48+00:00","twitter_card":"summary_large_image","schema":{"@context":"https:\/\/schema.org","@graph":[{"@type":"WebPage","@id":"https:\/\/wczasy.flt.krasnik.pl\/?page_id=186","url":"https:\/\/wczasy.flt.krasnik.pl\/?page_id=186","name":"Kontakt - Muszyna - O\u015brodki wczasowe","isPartOf":{"@id":"https:\/\/wczasy.flt.krasnik.pl\/#website"},"primaryImageOfPage":{"@id":"https:\/\/wczasy.flt.krasnik.pl\/?page_id=186#primaryimage"},"image":{"@id":"https:\/\/wczasy.flt.krasnik.pl\/?page_id=186#primaryimage"},"thumbnailUrl":"https:\/\/wczasy.flt.krasnik.pl\/wp-content\/uploads\/2019\/11\/DSC_0016-300x200.jpg","datePublished":"2019-11-08T07:29:01+00:00","dateModified":"2019-11-15T08:32:48+00:00","breadcrumb":{"@id":"https:\/\/wczasy.flt.krasnik.pl\/?page_id=186#breadcrumb"},"inLanguage":"pl-PL","potentialAction":[{"@type":"ReadAction","target":["https:\/\/wczasy.flt.krasnik.pl\/?page_id=186"]}]},{"@type":"ImageObject","inLanguage":"pl-PL","@id":"https:\/\/wczasy.flt.krasnik.pl\/?page_id=186#primaryimage","url":"","contentUrl":""},{"@type":"BreadcrumbList","@id":"https:\/\/wczasy.flt.krasnik.pl\/?page_id=186#breadcrumb","itemListElement":[{"@type":"ListItem","position":1,"name":"Strona g\u0142\u00f3wna","item":"https:\/\/wczasy.flt.krasnik.pl\/"},{"@type":"ListItem","position":2,"name":"Kontakt &#8211; Muszyna"}]},{"@type":"WebSite","@id":"https:\/\/wczasy.flt.krasnik.pl\/#website","url":"https:\/\/wczasy.flt.krasnik.pl\/","name":"O\u015brodki wczasowe","description":"F\u0141T - Kra\u015bnik S.A.","publisher":{"@id":"https:\/\/wczasy.flt.krasnik.pl\/#organization"},"potentialAction":[{"@type":"SearchAction","target":{"@type":"EntryPoint","urlTemplate":"https:\/\/wczasy.flt.krasnik.pl\/?s={search_term_string}"},"query-input":{"@type":"PropertyValueSpecification","valueRequired":true,"valueName":"search_term_string"}}],"inLanguage":"pl-PL"},{"@type":"Organization","@id":"https:\/\/wczasy.flt.krasnik.pl\/#organization","name":"Fabryka \u0141o\u017cysk Tocznych - Kra\u015bnik SA","url":"https:\/\/wczasy.flt.krasnik.pl\/","logo":{"@type":"ImageObject","inLanguage":"pl-PL","@id":"https:\/\/wczasy.flt.krasnik.pl\/#\/schema\/logo\/image\/","url":"https:\/\/wczasy.flt.krasnik.pl\/wp-content\/uploads\/2019\/11\/cropped-logo2.jpg","contentUrl":"https:\/\/wczasy.flt.krasnik.pl\/wp-content\/uploads\/2019\/11\/cropped-logo2.jpg","width":282,"height":282,"caption":"Fabryka \u0141o\u017cysk Tocznych - Kra\u015bnik SA"},"image":{"@id":"https:\/\/wczasy.flt.krasnik.pl\/#\/schema\/logo\/image\/"},"sameAs":["https:\/\/www.facebook.com\/people\/FT-Kranik-SA\/100063997297542\/#"]}]}},"_links":{"self":[{"href":"https:\/\/wczasy.flt.krasnik.pl\/index.php?rest_route=\/wp\/v2\/pages\/186","targetHints":{"allow":["GET"]}}],"collection":[{"href":"https:\/\/wczasy.flt.krasnik.pl\/index.php?rest_route=\/wp\/v2\/pages"}],"about":[{"href":"https:\/\/wczasy.flt.krasnik.pl\/index.php?rest_route=\/wp\/v2\/types\/page"}],"author":[{"embeddable":true,"href":"https:\/\/wczasy.flt.krasnik.pl\/index.php?rest_route=\/wp\/v2\/users\/3"}],"replies":[{"embeddable":true,"href":"https:\/\/wczasy.flt.krasnik.pl\/index.php?rest_route=%2Fwp%2Fv2%2Fcomments&post=186"}],"version-history":[{"count":21,"href":"https:\/\/wczasy.flt.krasnik.pl\/index.php?rest_route=\/wp\/v2\/pages\/186\/revisions"}],"predecessor-version":[{"id":469,"href":"https:\/\/wczasy.flt.krasnik.pl\/index.php?rest_route=\/wp\/v2\/pages\/186\/revisions\/469"}],"wp:attachment":[{"href":"https:\/\/wczasy.flt.krasnik.pl\/index.php?rest_route=%2Fwp%2Fv2%2Fmedia&parent=186"}],"curies":[{"name":"wp","href":"https:\/\/api.w.org\/{rel}","templated":true}]}}