{"id":172,"date":"2019-11-08T07:53:04","date_gmt":"2019-11-08T06:53:04","guid":{"rendered":"https:\/\/wczasy.flt.krasnik.pl\/?page_id=172"},"modified":"2019-11-28T09:40:41","modified_gmt":"2019-11-28T08:40:41","slug":"osrodki-wczasowe-flt-krasnik","status":"publish","type":"page","link":"https:\/\/wczasy.flt.krasnik.pl\/","title":{"rendered":"O\u015brodki wczasowe F\u0141T -Kra\u015bnik S.A."},"content":{"rendered":"<p style=\"text-align: left; padding-left: 40px;\"><strong><span style=\"font-family: arial, helvetica, sans-serif;\"><span style=\"font-size: 16pt;\">Koniec dylematu: w G\u00f3ry czy nad Morze ?\u00a0 \u00a0 \u00a0 \u00a0 \u00a0 \u00a0 \u00a0 \u00a0 \u00a0 \u00a0 \u00a0 \u00a0 \u00a0 \u00a0 \u00a0 \u00a0 \u00a0 \u00a0 \u00a0 \u00a0 \u00a0 \u00a0 \u00a0 \u00a0 \u00a0 \u00a0<\/span><\/span><\/strong><span style=\"font-family: arial, helvetica, sans-serif; font-size: 12pt;\"><span style=\"color: #ff0000;\">Ceny nocleg\u00f3w ju\u017c od 40 PLN\/osoba<\/span><\/span><\/p>\n<p style=\"text-align: left; padding-left: 120px;\"><strong><span style=\"font-family: arial, helvetica, sans-serif;\"><span style=\"font-size: 16pt;\">F\u0141T &#8211; Kra\u015bnik S.A. oferuje wypoczynek w swoich o\u015brodkach:<\/span><\/span><\/strong><\/p>\n<ul>\n<li style=\"list-style-type: none;\">\n<ul>\n<li style=\"list-style-type: none;\">\n<ul>\n<li style=\"list-style-type: none;\">\n<ul>\n<li style=\"list-style-type: none;\">\n<ul>\n<li style=\"list-style-type: none;\">\n<ul>\n<li style=\"list-style-type: none;\">\n<ul>\n<li style=\"list-style-type: none;\">\n<ul>\n<li style=\"list-style-type: none;\">\n<ul>\n<li style=\"list-style-type: none;\">\n<ul>\n<li style=\"list-style-type: none;\">\n<ul>\n<li style=\"list-style-type: none;\">\n<ul>\n<li style=\"text-align: left;\"><strong><span style=\"font-family: arial, helvetica, sans-serif;\"><span style=\"font-size: 16pt;\">w g\u00f3rach &#8211; O\u015brodek wczasowy w Muszynie<\/span><\/span><\/strong>\n<ul>\n<li style=\"text-align: left;\"><strong><span style=\"font-family: arial, helvetica, sans-serif;\"><span style=\"font-size: 16pt;\">nad morzem O\u015brodek wczasowy w Mielnie<\/span><\/span><\/strong><\/li>\n<\/ul>\n<\/li>\n<\/ul>\n<\/li>\n<\/ul>\n<\/li>\n<\/ul>\n<\/li>\n<\/ul>\n<\/li>\n<\/ul>\n<\/li>\n<\/ul>\n<\/li>\n<\/ul>\n<\/li>\n<\/ul>\n<\/li>\n<\/ul>\n<\/li>\n<\/ul>\n<\/li>\n<\/ul>\n<\/li>\n<\/ul>\n<p>&nbsp;<\/p>\n<p>&nbsp;<\/p>\n<p style=\"padding-left: 80px;\">\n<p>&nbsp;<\/p>\n<p>&nbsp;<\/p>\n<p>&nbsp;<\/p>\n<p>&nbsp;<\/p>\n<p>&nbsp;<\/p>\n","protected":false},"excerpt":{"rendered":"<p>Koniec dylematu: w G\u00f3ry czy nad Morze ?\u00a0 \u00a0 \u00a0 \u00a0 \u00a0 \u00a0 \u00a0 \u00a0 \u00a0 \u00a0 \u00a0 \u00a0 \u00a0 \u00a0 \u00a0 \u00a0 \u00a0 \u00a0 \u00a0 \u00a0 \u00a0 \u00a0 \u00a0 \u00a0 \u00a0 \u00a0Ceny nocleg\u00f3w ju\u017c od 40 PLN\/osoba F\u0141T &#8211; Kra\u015bnik S.A. oferuje wypoczynek w swoich o\u015brodkach: w g\u00f3rach &#8211; O\u015brodek wczasowy w Muszynie nad [&hellip;]<\/p>\n","protected":false},"author":3,"featured_media":0,"parent":0,"menu_order":0,"comment_status":"closed","ping_status":"closed","template":"","meta":{"footnotes":""},"class_list":["post-172","page","type-page","status-publish","hentry"],"yoast_head":"<!-- This site is optimized with the Yoast SEO plugin v27.4 - https:\/\/yoast.com\/product\/yoast-seo-wordpress\/ -->\n<title>O\u015brodki wczasowe F\u0141T -Kra\u015bnik S.A. - O\u015brodki wczasowe<\/title>\n<meta name=\"robots\" content=\"index, follow, max-snippet:-1, max-image-preview:large, max-video-preview:-1\" \/>\n<link rel=\"canonical\" href=\"https:\/\/wczasy.flt.krasnik.pl\/\" \/>\n<meta property=\"og:locale\" content=\"pl_PL\" \/>\n<meta property=\"og:type\" content=\"article\" \/>\n<meta property=\"og:title\" content=\"O\u015brodki wczasowe F\u0141T -Kra\u015bnik S.A. - O\u015brodki wczasowe\" \/>\n<meta property=\"og:description\" content=\"Koniec dylematu: w G\u00f3ry czy nad Morze ?\u00a0 \u00a0 \u00a0 \u00a0 \u00a0 \u00a0 \u00a0 \u00a0 \u00a0 \u00a0 \u00a0 \u00a0 \u00a0 \u00a0 \u00a0 \u00a0 \u00a0 \u00a0 \u00a0 \u00a0 \u00a0 \u00a0 \u00a0 \u00a0 \u00a0 \u00a0Ceny nocleg\u00f3w ju\u017c od 40 PLN\/osoba F\u0141T &#8211; Kra\u015bnik S.A. oferuje wypoczynek w swoich o\u015brodkach: w g\u00f3rach &#8211; O\u015brodek wczasowy w Muszynie nad [&hellip;]\" \/>\n<meta property=\"og:url\" content=\"https:\/\/wczasy.flt.krasnik.pl\/\" \/>\n<meta property=\"og:site_name\" content=\"O\u015brodki wczasowe\" \/>\n<meta property=\"article:publisher\" content=\"https:\/\/www.facebook.com\/people\/FT-Kranik-SA\/100063997297542\/#\" \/>\n<meta property=\"article:modified_time\" content=\"2019-11-28T08:40:41+00:00\" \/>\n<meta name=\"twitter:card\" content=\"summary_large_image\" \/>\n<script type=\"application\/ld+json\" class=\"yoast-schema-graph\">{\"@context\":\"https:\\\/\\\/schema.org\",\"@graph\":[{\"@type\":\"WebPage\",\"@id\":\"https:\\\/\\\/wczasy.flt.krasnik.pl\\\/\",\"url\":\"https:\\\/\\\/wczasy.flt.krasnik.pl\\\/\",\"name\":\"O\u015brodki wczasowe F\u0141T -Kra\u015bnik S.A. - O\u015brodki wczasowe\",\"isPartOf\":{\"@id\":\"https:\\\/\\\/wczasy.flt.krasnik.pl\\\/#website\"},\"datePublished\":\"2019-11-08T06:53:04+00:00\",\"dateModified\":\"2019-11-28T08:40:41+00:00\",\"breadcrumb\":{\"@id\":\"https:\\\/\\\/wczasy.flt.krasnik.pl\\\/#breadcrumb\"},\"inLanguage\":\"pl-PL\",\"potentialAction\":[{\"@type\":\"ReadAction\",\"target\":[\"https:\\\/\\\/wczasy.flt.krasnik.pl\\\/\"]}]},{\"@type\":\"BreadcrumbList\",\"@id\":\"https:\\\/\\\/wczasy.flt.krasnik.pl\\\/#breadcrumb\",\"itemListElement\":[{\"@type\":\"ListItem\",\"position\":1,\"name\":\"Strona g\u0142\u00f3wna\",\"item\":\"https:\\\/\\\/wczasy.flt.krasnik.pl\\\/\"},{\"@type\":\"ListItem\",\"position\":2,\"name\":\"O\u015brodki wczasowe F\u0141T -Kra\u015bnik S.A.\"}]},{\"@type\":\"WebSite\",\"@id\":\"https:\\\/\\\/wczasy.flt.krasnik.pl\\\/#website\",\"url\":\"https:\\\/\\\/wczasy.flt.krasnik.pl\\\/\",\"name\":\"O\u015brodki wczasowe\",\"description\":\"F\u0141T - Kra\u015bnik S.A.\",\"publisher\":{\"@id\":\"https:\\\/\\\/wczasy.flt.krasnik.pl\\\/#organization\"},\"potentialAction\":[{\"@type\":\"SearchAction\",\"target\":{\"@type\":\"EntryPoint\",\"urlTemplate\":\"https:\\\/\\\/wczasy.flt.krasnik.pl\\\/?s={search_term_string}\"},\"query-input\":{\"@type\":\"PropertyValueSpecification\",\"valueRequired\":true,\"valueName\":\"search_term_string\"}}],\"inLanguage\":\"pl-PL\"},{\"@type\":\"Organization\",\"@id\":\"https:\\\/\\\/wczasy.flt.krasnik.pl\\\/#organization\",\"name\":\"Fabryka \u0141o\u017cysk Tocznych - Kra\u015bnik SA\",\"url\":\"https:\\\/\\\/wczasy.flt.krasnik.pl\\\/\",\"logo\":{\"@type\":\"ImageObject\",\"inLanguage\":\"pl-PL\",\"@id\":\"https:\\\/\\\/wczasy.flt.krasnik.pl\\\/#\\\/schema\\\/logo\\\/image\\\/\",\"url\":\"https:\\\/\\\/wczasy.flt.krasnik.pl\\\/wp-content\\\/uploads\\\/2019\\\/11\\\/cropped-logo2.jpg\",\"contentUrl\":\"https:\\\/\\\/wczasy.flt.krasnik.pl\\\/wp-content\\\/uploads\\\/2019\\\/11\\\/cropped-logo2.jpg\",\"width\":282,\"height\":282,\"caption\":\"Fabryka \u0141o\u017cysk Tocznych - Kra\u015bnik SA\"},\"image\":{\"@id\":\"https:\\\/\\\/wczasy.flt.krasnik.pl\\\/#\\\/schema\\\/logo\\\/image\\\/\"},\"sameAs\":[\"https:\\\/\\\/www.facebook.com\\\/people\\\/FT-Kranik-SA\\\/100063997297542\\\/#\"]}]}<\/script>\n<!-- \/ Yoast SEO plugin. -->","yoast_head_json":{"title":"O\u015brodki wczasowe F\u0141T -Kra\u015bnik S.A. - O\u015brodki wczasowe","robots":{"index":"index","follow":"follow","max-snippet":"max-snippet:-1","max-image-preview":"max-image-preview:large","max-video-preview":"max-video-preview:-1"},"canonical":"https:\/\/wczasy.flt.krasnik.pl\/","og_locale":"pl_PL","og_type":"article","og_title":"O\u015brodki wczasowe F\u0141T -Kra\u015bnik S.A. - O\u015brodki wczasowe","og_description":"Koniec dylematu: w G\u00f3ry czy nad Morze ?\u00a0 \u00a0 \u00a0 \u00a0 \u00a0 \u00a0 \u00a0 \u00a0 \u00a0 \u00a0 \u00a0 \u00a0 \u00a0 \u00a0 \u00a0 \u00a0 \u00a0 \u00a0 \u00a0 \u00a0 \u00a0 \u00a0 \u00a0 \u00a0 \u00a0 \u00a0Ceny nocleg\u00f3w ju\u017c od 40 PLN\/osoba F\u0141T &#8211; Kra\u015bnik S.A. oferuje wypoczynek w swoich o\u015brodkach: w g\u00f3rach &#8211; O\u015brodek wczasowy w Muszynie nad [&hellip;]","og_url":"https:\/\/wczasy.flt.krasnik.pl\/","og_site_name":"O\u015brodki wczasowe","article_publisher":"https:\/\/www.facebook.com\/people\/FT-Kranik-SA\/100063997297542\/#","article_modified_time":"2019-11-28T08:40:41+00:00","twitter_card":"summary_large_image","schema":{"@context":"https:\/\/schema.org","@graph":[{"@type":"WebPage","@id":"https:\/\/wczasy.flt.krasnik.pl\/","url":"https:\/\/wczasy.flt.krasnik.pl\/","name":"O\u015brodki wczasowe F\u0141T -Kra\u015bnik S.A. - O\u015brodki wczasowe","isPartOf":{"@id":"https:\/\/wczasy.flt.krasnik.pl\/#website"},"datePublished":"2019-11-08T06:53:04+00:00","dateModified":"2019-11-28T08:40:41+00:00","breadcrumb":{"@id":"https:\/\/wczasy.flt.krasnik.pl\/#breadcrumb"},"inLanguage":"pl-PL","potentialAction":[{"@type":"ReadAction","target":["https:\/\/wczasy.flt.krasnik.pl\/"]}]},{"@type":"BreadcrumbList","@id":"https:\/\/wczasy.flt.krasnik.pl\/#breadcrumb","itemListElement":[{"@type":"ListItem","position":1,"name":"Strona g\u0142\u00f3wna","item":"https:\/\/wczasy.flt.krasnik.pl\/"},{"@type":"ListItem","position":2,"name":"O\u015brodki wczasowe F\u0141T -Kra\u015bnik S.A."}]},{"@type":"WebSite","@id":"https:\/\/wczasy.flt.krasnik.pl\/#website","url":"https:\/\/wczasy.flt.krasnik.pl\/","name":"O\u015brodki wczasowe","description":"F\u0141T - Kra\u015bnik S.A.","publisher":{"@id":"https:\/\/wczasy.flt.krasnik.pl\/#organization"},"potentialAction":[{"@type":"SearchAction","target":{"@type":"EntryPoint","urlTemplate":"https:\/\/wczasy.flt.krasnik.pl\/?s={search_term_string}"},"query-input":{"@type":"PropertyValueSpecification","valueRequired":true,"valueName":"search_term_string"}}],"inLanguage":"pl-PL"},{"@type":"Organization","@id":"https:\/\/wczasy.flt.krasnik.pl\/#organization","name":"Fabryka \u0141o\u017cysk Tocznych - Kra\u015bnik SA","url":"https:\/\/wczasy.flt.krasnik.pl\/","logo":{"@type":"ImageObject","inLanguage":"pl-PL","@id":"https:\/\/wczasy.flt.krasnik.pl\/#\/schema\/logo\/image\/","url":"https:\/\/wczasy.flt.krasnik.pl\/wp-content\/uploads\/2019\/11\/cropped-logo2.jpg","contentUrl":"https:\/\/wczasy.flt.krasnik.pl\/wp-content\/uploads\/2019\/11\/cropped-logo2.jpg","width":282,"height":282,"caption":"Fabryka \u0141o\u017cysk Tocznych - Kra\u015bnik SA"},"image":{"@id":"https:\/\/wczasy.flt.krasnik.pl\/#\/schema\/logo\/image\/"},"sameAs":["https:\/\/www.facebook.com\/people\/FT-Kranik-SA\/100063997297542\/#"]}]}},"_links":{"self":[{"href":"https:\/\/wczasy.flt.krasnik.pl\/index.php?rest_route=\/wp\/v2\/pages\/172","targetHints":{"allow":["GET"]}}],"collection":[{"href":"https:\/\/wczasy.flt.krasnik.pl\/index.php?rest_route=\/wp\/v2\/pages"}],"about":[{"href":"https:\/\/wczasy.flt.krasnik.pl\/index.php?rest_route=\/wp\/v2\/types\/page"}],"author":[{"embeddable":true,"href":"https:\/\/wczasy.flt.krasnik.pl\/index.php?rest_route=\/wp\/v2\/users\/3"}],"replies":[{"embeddable":true,"href":"https:\/\/wczasy.flt.krasnik.pl\/index.php?rest_route=%2Fwp%2Fv2%2Fcomments&post=172"}],"version-history":[{"count":27,"href":"https:\/\/wczasy.flt.krasnik.pl\/index.php?rest_route=\/wp\/v2\/pages\/172\/revisions"}],"predecessor-version":[{"id":588,"href":"https:\/\/wczasy.flt.krasnik.pl\/index.php?rest_route=\/wp\/v2\/pages\/172\/revisions\/588"}],"wp:attachment":[{"href":"https:\/\/wczasy.flt.krasnik.pl\/index.php?rest_route=%2Fwp%2Fv2%2Fmedia&parent=172"}],"curies":[{"name":"wp","href":"https:\/\/api.w.org\/{rel}","templated":true}]}}